{"id":2398,"date":"2026-02-16T18:54:39","date_gmt":"2026-02-16T17:54:39","guid":{"rendered":"https:\/\/carina-zacharias.de\/?page_id=2398"},"modified":"2026-04-14T20:03:09","modified_gmt":"2026-04-14T18:03:09","slug":"zu-den-wurzeln","status":"publish","type":"page","link":"http:\/\/carina-zacharias.de\/en\/zu-den-wurzeln\/","title":{"rendered":"Zu den Wurzeln"},"content":{"rendered":"<div class=\"wp-block-columns is-layout-flex wp-container-core-columns-is-layout-28f84493 wp-block-columns-is-layout-flex\">\n<div class=\"wp-block-column is-layout-flow wp-block-column-is-layout-flow\" style=\"flex-basis:50%\">\n<div class=\"wp-block-uagb-image uagb-block-c77a6892 wp-block-uagb-image--layout-default wp-block-uagb-image--effect-static wp-block-uagb-image--align-none\"><figure class=\"wp-block-uagb-image__figure\"><a class=\"\" href=\"https:\/\/www.ohneohren.com\/alle-bucher\/zu-den-wurzeln\" target=\"_blank\" rel=\"noreferrer noopener\"><img decoding=\"async\" srcset=\"http:\/\/carina-zacharias.de\/wp-content\/uploads\/2026\/02\/plantpunk_cover_highres-211x300.png ,http:\/\/carina-zacharias.de\/wp-content\/uploads\/2026\/02\/plantpunk_cover_highres.png 780w, http:\/\/carina-zacharias.de\/wp-content\/uploads\/2026\/02\/plantpunk_cover_highres.png 360w\" sizes=\"auto, (max-width: 480px) 150px\" src=\"http:\/\/carina-zacharias.de\/wp-content\/uploads\/2026\/02\/plantpunk_cover_highres-211x300.png\" alt=\"\" class=\"uag-image-2395\" width=\"211\" height=\"300\" title=\"plantpunk_cover_highres\" loading=\"lazy\" role=\"img\"\/><\/a><\/figure><\/div>\n<\/div>\n\n\n\n<div class=\"wp-block-column is-layout-flow wp-block-column-is-layout-flow\" style=\"flex-basis:50%\">\n<p>Meine Geschichte &#8222;F\u00fcrchtet uns, denn wir geb\u00e4ren W\u00e4lder&#8220; wird 2026 in der Planthologie (hehe) &#8222;Zu den Wurzeln&#8220; des ohneohren Verlags erscheinen. <\/p>\n<\/div>\n<\/div>\n\n\n\n<p><\/p>","protected":false},"excerpt":{"rendered":"<p>Meine Geschichte &#8222;F\u00fcrchtet uns, denn wir geb\u00e4ren W\u00e4lder&#8220; wird 2026 in der Planthologie (hehe) &#8222;Zu den Wurzeln&#8220; des ohneohren Verlags erscheinen.<\/p>","protected":false},"author":1,"featured_media":0,"parent":0,"menu_order":0,"comment_status":"closed","ping_status":"closed","template":"","meta":{"_uag_custom_page_level_css":"","site-sidebar-layout":"default","site-content-layout":"","ast-site-content-layout":"default","site-content-style":"default","site-sidebar-style":"default","ast-global-header-display":"","ast-banner-title-visibility":"","ast-main-header-display":"","ast-hfb-above-header-display":"","ast-hfb-below-header-display":"","ast-hfb-mobile-header-display":"","site-post-title":"","ast-breadcrumbs-content":"","ast-featured-img":"","footer-sml-layout":"","ast-disable-related-posts":"","theme-transparent-header-meta":"","adv-header-id-meta":"","stick-header-meta":"","header-above-stick-meta":"","header-main-stick-meta":"","header-below-stick-meta":"","astra-migrate-meta-layouts":"set","ast-page-background-enabled":"default","ast-page-background-meta":{"desktop":{"background-color":"","background-image":"","background-repeat":"repeat","background-position":"center center","background-size":"auto","background-attachment":"scroll","background-type":"","background-media":"","overlay-type":"","overlay-color":"","overlay-opacity":"","overlay-gradient":""},"tablet":{"background-color":"","background-image":"","background-repeat":"repeat","background-position":"center center","background-size":"auto","background-attachment":"scroll","background-type":"","background-media":"","overlay-type":"","overlay-color":"","overlay-opacity":"","overlay-gradient":""},"mobile":{"background-color":"","background-image":"","background-repeat":"repeat","background-position":"center center","background-size":"auto","background-attachment":"scroll","background-type":"","background-media":"","overlay-type":"","overlay-color":"","overlay-opacity":"","overlay-gradient":""}},"ast-content-background-meta":{"desktop":{"background-color":"var(--ast-global-color-5)","background-image":"","background-repeat":"repeat","background-position":"center center","background-size":"auto","background-attachment":"scroll","background-type":"","background-media":"","overlay-type":"","overlay-color":"","overlay-opacity":"","overlay-gradient":""},"tablet":{"background-color":"var(--ast-global-color-5)","background-image":"","background-repeat":"repeat","background-position":"center center","background-size":"auto","background-attachment":"scroll","background-type":"","background-media":"","overlay-type":"","overlay-color":"","overlay-opacity":"","overlay-gradient":""},"mobile":{"background-color":"var(--ast-global-color-5)","background-image":"","background-repeat":"repeat","background-position":"center center","background-size":"auto","background-attachment":"scroll","background-type":"","background-media":"","overlay-type":"","overlay-color":"","overlay-opacity":"","overlay-gradient":""}},"footnotes":""},"class_list":["post-2398","page","type-page","status-publish","hentry"],"uagb_featured_image_src":{"full":false,"thumbnail":false,"medium":false,"medium_large":false,"large":false,"1536x1536":false,"2048x2048":false,"trp-custom-language-flag":false},"uagb_author_info":{"display_name":"Admin","author_link":"http:\/\/carina-zacharias.de\/en\/author\/admin4373\/"},"uagb_comment_info":0,"uagb_excerpt":"Meine Geschichte &#8222;F\u00fcrchtet uns, denn wir geb\u00e4ren W\u00e4lder&#8220; wird 2026 in der Planthologie (hehe) &#8222;Zu den Wurzeln&#8220; des ohneohren Verlags erscheinen.","_links":{"self":[{"href":"http:\/\/carina-zacharias.de\/en\/wp-json\/wp\/v2\/pages\/2398","targetHints":{"allow":["GET"]}}],"collection":[{"href":"http:\/\/carina-zacharias.de\/en\/wp-json\/wp\/v2\/pages"}],"about":[{"href":"http:\/\/carina-zacharias.de\/en\/wp-json\/wp\/v2\/types\/page"}],"author":[{"embeddable":true,"href":"http:\/\/carina-zacharias.de\/en\/wp-json\/wp\/v2\/users\/1"}],"replies":[{"embeddable":true,"href":"http:\/\/carina-zacharias.de\/en\/wp-json\/wp\/v2\/comments?post=2398"}],"version-history":[{"count":2,"href":"http:\/\/carina-zacharias.de\/en\/wp-json\/wp\/v2\/pages\/2398\/revisions"}],"predecessor-version":[{"id":2406,"href":"http:\/\/carina-zacharias.de\/en\/wp-json\/wp\/v2\/pages\/2398\/revisions\/2406"}],"wp:attachment":[{"href":"http:\/\/carina-zacharias.de\/en\/wp-json\/wp\/v2\/media?parent=2398"}],"curies":[{"name":"wp","href":"https:\/\/api.w.org\/{rel}","templated":true}]}}