{"id":10,"date":"2017-06-08T09:59:59","date_gmt":"2017-06-08T07:59:59","guid":{"rendered":"http:\/\/carina-zacharias.de\/?page_id=10"},"modified":"2023-08-02T18:55:31","modified_gmt":"2023-08-02T16:55:31","slug":"biografie","status":"publish","type":"page","link":"https:\/\/carina-zacharias.de\/en\/biografie\/","title":{"rendered":"About Me"},"content":{"rendered":"<div class=\"wp-block-columns is-layout-flex wp-container-core-columns-is-layout-28f84493 wp-block-columns-is-layout-flex\">\n<div class=\"wp-block-column is-layout-flow wp-block-column-is-layout-flow\" style=\"flex-basis:100%\">\n<div class=\"wp-block-columns is-layout-flex wp-container-core-columns-is-layout-28f84493 wp-block-columns-is-layout-flex\">\n<div class=\"wp-block-column is-layout-flow wp-block-column-is-layout-flow\" style=\"flex-basis:100%\">\n<div class=\"inherit-container-width wp-block-group has-medium-font-size is-layout-constrained wp-block-group-is-layout-constrained\">\n<p>My name is Carina Zacharias and I'm thrilled that you're visiting my author homepage. Writing books isn't my main job, but it's a big and important part of my life.<\/p>\n\n\n\n<figure class=\"wp-block-image size-full\"><img decoding=\"async\" src=\"https:\/\/carina-zacharias.de\/wp-content\/uploads\/2023\/07\/WhatsApp-Image-2023-07-02-at-07.37.48-e1688302962783.jpeg\" alt=\"\" class=\"wp-image-1520\"\/><figcaption><em>Reading from \"Minna und die magische Stadt\" at the \"Leselust am Lousberg\" 2023.<\/em><\/figcaption><\/figure>\n\n\n\n<p class=\"has-medium-font-size\">Even when I was in kindergarten, I was already recording stories on cassettes and telling my little sister a bedtime story every night. As soon as I learned to write, I filled notebook after notebook. When I was 14, I wrote my first book \"Der Wunschbengel.\" Since then, several more have followed.<\/p>\n\n\n\n<p class=\"has-medium-font-size\">Wenn ich nicht gerade schreibe, arbeite ich als Softwareentwicklerin in der Umweltinformatik oder bin ehrenamtlich im Naturschutz aktiv.<\/p>\n\n\n\n<p>Auf dieser Seite findet ihr alle Infos zu meinen Ver\u00f6ffentlichungen. Wenn ihr dar\u00fcber hinaus auf dem Laufenden bleiben wollt, schaut gerne auf meinem <a rel=\"noreferrer noopener\" href=\"https:\/\/www.youtube.com\/channel\/UCCs2s_yAqokqZsC8lioiV8Q\" target=\"_blank\">YouTube Kanal <\/a>oder <a rel=\"noreferrer noopener\" href=\"https:\/\/www.instagram.com\/carina.zacharias\/\" target=\"_blank\">Instagram Profil<\/a> vorbei, wo ich regelm\u00e4\u00dfig Rezensionen poste, von neuen Lieblingsb\u00fcchern schw\u00e4rme oder von meinen eigenen Buch-Projekten berichte.<\/p>\n<\/div>\n<\/div>\n<\/div>\n<\/div>\n<\/div>\n\n\n\n<figure class=\"wp-block-image aligncenter is-resized\"><img loading=\"lazy\" decoding=\"async\" src=\"https:\/\/carina-zacharias.de\/wp-content\/uploads\/2017\/06\/unterschrift-klein1.png\" alt=\"\" class=\"wp-image-461\" width=\"296\" height=\"109\" srcset=\"https:\/\/carina-zacharias.de\/wp-content\/uploads\/2017\/06\/unterschrift-klein1.png 3361w, https:\/\/carina-zacharias.de\/wp-content\/uploads\/2017\/06\/unterschrift-klein1-300x111.png 300w, https:\/\/carina-zacharias.de\/wp-content\/uploads\/2017\/06\/unterschrift-klein1-768x284.png 768w, https:\/\/carina-zacharias.de\/wp-content\/uploads\/2017\/06\/unterschrift-klein1-1024x378.png 1024w\" sizes=\"auto, (max-width: 296px) 100vw, 296px\" \/><\/figure>","protected":false},"excerpt":{"rendered":"<p>Mein Name ist Carina Zacharias und ich freue mich, dass ihr auf meiner Autorinnen-Homepage vorbeischaut. Das B\u00fccherschreiben ist zwar nicht mein Hauptberuf, aber es ist ein gro\u00dfer und wichtiger Teil [&hellip;]<\/p>\n","protected":false},"author":1,"featured_media":0,"parent":0,"menu_order":0,"comment_status":"closed","ping_status":"closed","template":"","meta":{"_uag_custom_page_level_css":"","site-sidebar-layout":"default","site-content-layout":"","ast-site-content-layout":"default","site-content-style":"default","site-sidebar-style":"default","ast-global-header-display":"","ast-banner-title-visibility":"","ast-main-header-display":"","ast-hfb-above-header-display":"","ast-hfb-below-header-display":"","ast-hfb-mobile-header-display":"","site-post-title":"disabled","ast-breadcrumbs-content":"","ast-featured-img":"","footer-sml-layout":"","ast-disable-related-posts":"","theme-transparent-header-meta":"","adv-header-id-meta":"","stick-header-meta":"","header-above-stick-meta":"","header-main-stick-meta":"","header-below-stick-meta":"","astra-migrate-meta-layouts":"default","ast-page-background-enabled":"default","ast-page-background-meta":{"desktop":{"background-color":"","background-image":"","background-repeat":"repeat","background-position":"center center","background-size":"auto","background-attachment":"scroll","background-type":"","background-media":"","overlay-type":"","overlay-color":"","overlay-opacity":"","overlay-gradient":""},"tablet":{"background-color":"","background-image":"","background-repeat":"repeat","background-position":"center center","background-size":"auto","background-attachment":"scroll","background-type":"","background-media":"","overlay-type":"","overlay-color":"","overlay-opacity":"","overlay-gradient":""},"mobile":{"background-color":"","background-image":"","background-repeat":"repeat","background-position":"center center","background-size":"auto","background-attachment":"scroll","background-type":"","background-media":"","overlay-type":"","overlay-color":"","overlay-opacity":"","overlay-gradient":""}},"ast-content-background-meta":{"desktop":{"background-color":"var(--ast-global-color-5)","background-image":"","background-repeat":"repeat","background-position":"center center","background-size":"auto","background-attachment":"scroll","background-type":"","background-media":"","overlay-type":"","overlay-color":"","overlay-opacity":"","overlay-gradient":""},"tablet":{"background-color":"var(--ast-global-color-5)","background-image":"","background-repeat":"repeat","background-position":"center center","background-size":"auto","background-attachment":"scroll","background-type":"","background-media":"","overlay-type":"","overlay-color":"","overlay-opacity":"","overlay-gradient":""},"mobile":{"background-color":"var(--ast-global-color-5)","background-image":"","background-repeat":"repeat","background-position":"center center","background-size":"auto","background-attachment":"scroll","background-type":"","background-media":"","overlay-type":"","overlay-color":"","overlay-opacity":"","overlay-gradient":""}},"footnotes":""},"class_list":["post-10","page","type-page","status-publish","hentry"],"uagb_featured_image_src":{"full":false,"thumbnail":false,"medium":false,"medium_large":false,"large":false,"1536x1536":false,"2048x2048":false,"trp-custom-language-flag":false},"uagb_author_info":{"display_name":"Admin","author_link":"https:\/\/carina-zacharias.de\/en\/author\/admin4373\/"},"uagb_comment_info":0,"uagb_excerpt":"Mein Name ist Carina Zacharias und ich freue mich, dass ihr auf meiner Autorinnen-Homepage vorbeischaut. Das B\u00fccherschreiben ist zwar nicht mein Hauptberuf, aber es ist ein gro\u00dfer und wichtiger Teil [&hellip;]","_links":{"self":[{"href":"https:\/\/carina-zacharias.de\/en\/wp-json\/wp\/v2\/pages\/10","targetHints":{"allow":["GET"]}}],"collection":[{"href":"https:\/\/carina-zacharias.de\/en\/wp-json\/wp\/v2\/pages"}],"about":[{"href":"https:\/\/carina-zacharias.de\/en\/wp-json\/wp\/v2\/types\/page"}],"author":[{"embeddable":true,"href":"https:\/\/carina-zacharias.de\/en\/wp-json\/wp\/v2\/users\/1"}],"replies":[{"embeddable":true,"href":"https:\/\/carina-zacharias.de\/en\/wp-json\/wp\/v2\/comments?post=10"}],"version-history":[{"count":53,"href":"https:\/\/carina-zacharias.de\/en\/wp-json\/wp\/v2\/pages\/10\/revisions"}],"predecessor-version":[{"id":2236,"href":"https:\/\/carina-zacharias.de\/en\/wp-json\/wp\/v2\/pages\/10\/revisions\/2236"}],"wp:attachment":[{"href":"https:\/\/carina-zacharias.de\/en\/wp-json\/wp\/v2\/media?parent=10"}],"curies":[{"name":"wp","href":"https:\/\/api.w.org\/{rel}","templated":true}]}}