{"id":1321,"date":"2022-07-16T19:30:05","date_gmt":"2022-07-16T17:30:05","guid":{"rendered":"https:\/\/carina-zacharias.de\/?page_id=1321"},"modified":"2023-07-26T11:27:21","modified_gmt":"2023-07-26T09:27:21","slug":"the-lost-prophecy","status":"publish","type":"page","link":"https:\/\/carina-zacharias.de\/en\/the-lost-prophecy\/","title":{"rendered":"The Lost Prophecy"},"content":{"rendered":"<div class=\"wp-block-columns is-layout-flex wp-container-core-columns-is-layout-28f84493 wp-block-columns-is-layout-flex\">\n<div class=\"wp-block-column is-layout-flow wp-block-column-is-layout-flow\" style=\"flex-basis:50%\">\n<figure class=\"wp-block-image size-large is-resized\"><a href=\"https:\/\/www.luebbe.de\/one\/ebooks\/junge-erwachsene\/the-lost-prophecy-das-reich-der-elemente\/id_10116086\" target=\"_blank\" rel=\"the-lost-prophecy noopener\"><img loading=\"lazy\" decoding=\"async\" src=\"https:\/\/carina-zacharias.de\/wp-content\/uploads\/2023\/07\/Zacharias_Lost-Prophecy_01-644x1024.jpg\" alt=\"\" class=\"wp-image-1527\" width=\"322\" height=\"512\" srcset=\"https:\/\/carina-zacharias.de\/wp-content\/uploads\/2023\/07\/Zacharias_Lost-Prophecy_01-644x1024.jpg 644w, https:\/\/carina-zacharias.de\/wp-content\/uploads\/2023\/07\/Zacharias_Lost-Prophecy_01-189x300.jpg 189w, https:\/\/carina-zacharias.de\/wp-content\/uploads\/2023\/07\/Zacharias_Lost-Prophecy_01-768x1221.jpg 768w, https:\/\/carina-zacharias.de\/wp-content\/uploads\/2023\/07\/Zacharias_Lost-Prophecy_01-966x1536.jpg 966w, https:\/\/carina-zacharias.de\/wp-content\/uploads\/2023\/07\/Zacharias_Lost-Prophecy_01-1288x2048.jpg 1288w, https:\/\/carina-zacharias.de\/wp-content\/uploads\/2023\/07\/Zacharias_Lost-Prophecy_01-scaled.jpg 1610w\" sizes=\"auto, (max-width: 322px) 100vw, 322px\" \/><\/a><\/figure>\n<\/div>\n\n\n\n<div class=\"wp-block-column is-layout-flow wp-block-column-is-layout-flow\" style=\"flex-basis:60%\">\n<p>Eine fantastische Welt, eine uralte Bestimmung und eine tapfere Heldin, die ihr Land vor dem Untergang bewahren muss<\/p>\n\n\n\n<p>Die Zeit der Kriege in Andurion ist vorbei. Um den Frieden zu wahren, leben die V\u00f6lker der vier Elemente seit Tausenden von Jahren getrennt voneinander.<\/p>\n\n\n\n<p>Doch eine alte Prophezeiung k\u00fcndigt gro\u00dfes Unheil an, welches \u00fcber Andurion hereinbrechen wird. Nur ein Held, der alle Elemente in sich vereint, kann die Welt noch retten &#8230;<\/p>\n\n\n\n<p>Lorena vom Volk des Wassers wird als Botschafterin ins Land des Luftvolks geschickt, um einem Hilferuf nachzukommen. Sturmwinde haben das Reich der Luft in Schutt und Asche gelegt, und eine r\u00e4tselhafte Seuche rafft die Menschen dahin. Gemeinsam &nbsp;mit den Botschaftern der anderen V\u00f6lker will Lorena das Reich der Luft retten. Noch ahnt niemand, dass dies alles der Beginn einer viel gr\u00f6\u00dferen zerst\u00f6rerischen Gefahr ist. Eine dunkle Macht will das Land Andurion an sich rei\u00dfen. Vor Lorena und ihren Gef\u00e4hrten liegen dunkle Jahre voller beschwerlicher Reisen und gef\u00e4hrlicher Abenteuer. Werden die zerstrittenen V\u00f6lker tats\u00e4chlich vereint gegen das B\u00f6se k\u00e4mpfen?<\/p>\n\n\n\n<p>Komm mit auf eine emotionale Reise, und tauche ein in eine fantastische Welt, in der die Menschen eins sind mit den Elementen. Mehr als 1.400 Seiten Lesespa\u00df f\u00fcr Fantasy-Fans.<\/p>\n<\/div>\n<\/div>\n\n\n\n<h3 class=\"has-text-align-center wp-block-heading\"><strong>&#8222;The Lost Prophecy&#8220; wurde urspr\u00fcnglich in f\u00fcnf Einzelb\u00e4nden ver\u00f6ffentlicht. In dem Bundle &#8222;The Lost Prophecy &#8211; Das Reich der Elemente&#8220; sind alle f\u00fcnf Teile enthalten:<\/strong><\/h3>\n\n\n\n<figure class=\"wp-block-image aligncenter\"><img loading=\"lazy\" decoding=\"async\" width=\"189\" height=\"300\" src=\"https:\/\/carina-zacharias.de\/wp-content\/uploads\/2018\/06\/Zacharias_LostProphecy_BD1_Sturm_02d-189x300.jpg\" alt=\"\" class=\"wp-image-628\" srcset=\"https:\/\/carina-zacharias.de\/wp-content\/uploads\/2018\/06\/Zacharias_LostProphecy_BD1_Sturm_02d-189x300.jpg 189w, https:\/\/carina-zacharias.de\/wp-content\/uploads\/2018\/06\/Zacharias_LostProphecy_BD1_Sturm_02d-768x1221.jpg 768w, https:\/\/carina-zacharias.de\/wp-content\/uploads\/2018\/06\/Zacharias_LostProphecy_BD1_Sturm_02d-644x1024.jpg 644w\" sizes=\"auto, (max-width: 189px) 100vw, 189px\" \/><\/figure>\n\n\n\n<figure class=\"wp-block-image aligncenter\"><img loading=\"lazy\" decoding=\"async\" width=\"189\" height=\"300\" src=\"https:\/\/carina-zacharias.de\/wp-content\/uploads\/2018\/07\/Zacharias_LostProphecy_BD2_Staub_02c-189x300.jpg\" alt=\"\" class=\"wp-image-653\" srcset=\"https:\/\/carina-zacharias.de\/wp-content\/uploads\/2018\/07\/Zacharias_LostProphecy_BD2_Staub_02c-189x300.jpg 189w, https:\/\/carina-zacharias.de\/wp-content\/uploads\/2018\/07\/Zacharias_LostProphecy_BD2_Staub_02c-768x1221.jpg 768w, https:\/\/carina-zacharias.de\/wp-content\/uploads\/2018\/07\/Zacharias_LostProphecy_BD2_Staub_02c-644x1024.jpg 644w\" sizes=\"auto, (max-width: 189px) 100vw, 189px\" \/><\/figure>\n\n\n\n<figure class=\"wp-block-image aligncenter\"><img loading=\"lazy\" decoding=\"async\" width=\"189\" height=\"300\" src=\"https:\/\/carina-zacharias.de\/wp-content\/uploads\/2018\/10\/Zacharias_LostProphecy_BD3_Flammen_02c-189x300.jpg\" alt=\"Cover Aus Flammen geboren\" class=\"wp-image-681\" srcset=\"https:\/\/carina-zacharias.de\/wp-content\/uploads\/2018\/10\/Zacharias_LostProphecy_BD3_Flammen_02c-189x300.jpg 189w, https:\/\/carina-zacharias.de\/wp-content\/uploads\/2018\/10\/Zacharias_LostProphecy_BD3_Flammen_02c-768x1221.jpg 768w, https:\/\/carina-zacharias.de\/wp-content\/uploads\/2018\/10\/Zacharias_LostProphecy_BD3_Flammen_02c-644x1024.jpg 644w\" sizes=\"auto, (max-width: 189px) 100vw, 189px\" \/><\/figure>\n\n\n\n<figure class=\"wp-block-image aligncenter\"><img loading=\"lazy\" decoding=\"async\" width=\"189\" height=\"300\" src=\"https:\/\/carina-zacharias.de\/wp-content\/uploads\/2018\/10\/Zacharias_LostProphecy_BD4_Wellen_02c-189x300.jpg\" alt=\"\" class=\"wp-image-702\" srcset=\"https:\/\/carina-zacharias.de\/wp-content\/uploads\/2018\/10\/Zacharias_LostProphecy_BD4_Wellen_02c-189x300.jpg 189w, https:\/\/carina-zacharias.de\/wp-content\/uploads\/2018\/10\/Zacharias_LostProphecy_BD4_Wellen_02c-768x1221.jpg 768w, https:\/\/carina-zacharias.de\/wp-content\/uploads\/2018\/10\/Zacharias_LostProphecy_BD4_Wellen_02c-644x1024.jpg 644w\" sizes=\"auto, (max-width: 189px) 100vw, 189px\" \/><\/figure>\n\n\n\n<figure class=\"wp-block-image aligncenter\"><img loading=\"lazy\" decoding=\"async\" width=\"189\" height=\"300\" src=\"https:\/\/carina-zacharias.de\/wp-content\/uploads\/2018\/10\/Zacharias_LostProphecy_BD5_Leben_02c-189x300.jpg\" alt=\"\" class=\"wp-image-703\" srcset=\"https:\/\/carina-zacharias.de\/wp-content\/uploads\/2018\/10\/Zacharias_LostProphecy_BD5_Leben_02c-189x300.jpg 189w, https:\/\/carina-zacharias.de\/wp-content\/uploads\/2018\/10\/Zacharias_LostProphecy_BD5_Leben_02c-768x1221.jpg 768w, https:\/\/carina-zacharias.de\/wp-content\/uploads\/2018\/10\/Zacharias_LostProphecy_BD5_Leben_02c-644x1024.jpg 644w\" sizes=\"auto, (max-width: 189px) 100vw, 189px\" \/><\/figure>\n\n\n\n<div class=\"wp-block-columns is-layout-flex wp-container-core-columns-is-layout-28f84493 wp-block-columns-is-layout-flex\">\n<div class=\"wp-block-column is-layout-flow wp-block-column-is-layout-flow\" style=\"flex-basis:50%\">\n<figure class=\"wp-block-image size-large is-resized\"><img loading=\"lazy\" decoding=\"async\" src=\"https:\/\/carina-zacharias.de\/wp-content\/uploads\/2021\/03\/LY1_9783751705301_Zacharias_Prophecy_02-644x1024.jpg\" alt=\"\" class=\"wp-image-1228\" width=\"322\" height=\"512\"\/><\/figure>\n<\/div>\n\n\n\n<div class=\"wp-block-column is-layout-flow wp-block-column-is-layout-flow\" style=\"flex-basis:50%\">\n<p>Vielleicht kennt ihr auch dieses \u00e4ltere Cover von einer fr\u00fcheren Gesamtausgabe von &#8222;The Lost Prophecy&#8220;.<\/p>\n<\/div>\n<\/div>\n\n\n\n<figure class=\"wp-block-embed is-type-video is-provider-youtube wp-block-embed-youtube wp-embed-aspect-16-9 wp-has-aspect-ratio\"><div class=\"wp-block-embed__wrapper\">\n<iframe loading=\"lazy\" title=\"Wie ich meine Fantasy-Reihe ver\u00f6ffentlicht habe | &quot;The Lost Prophecy&quot;\" width=\"500\" height=\"281\" src=\"https:\/\/www.youtube.com\/embed\/9yTbMhILKZQ?feature=oembed\" frameborder=\"0\" allow=\"accelerometer; autoplay; clipboard-write; encrypted-media; gyroscope; picture-in-picture; web-share\" referrerpolicy=\"strict-origin-when-cross-origin\" allowfullscreen><\/iframe>\n<\/div><\/figure>","protected":false},"excerpt":{"rendered":"<p>Eine fantastische Welt, eine uralte Bestimmung und eine tapfere Heldin, die ihr Land vor dem Untergang bewahren muss Die Zeit der Kriege in Andurion ist vorbei. Um den Frieden zu [&hellip;]<\/p>\n","protected":false},"author":1,"featured_media":0,"parent":0,"menu_order":0,"comment_status":"closed","ping_status":"closed","template":"","meta":{"_uag_custom_page_level_css":"","site-sidebar-layout":"default","site-content-layout":"","ast-site-content-layout":"default","site-content-style":"default","site-sidebar-style":"default","ast-global-header-display":"","ast-banner-title-visibility":"","ast-main-header-display":"","ast-hfb-above-header-display":"","ast-hfb-below-header-display":"","ast-hfb-mobile-header-display":"","site-post-title":"","ast-breadcrumbs-content":"","ast-featured-img":"","footer-sml-layout":"","ast-disable-related-posts":"","theme-transparent-header-meta":"","adv-header-id-meta":"","stick-header-meta":"","header-above-stick-meta":"","header-main-stick-meta":"","header-below-stick-meta":"","astra-migrate-meta-layouts":"default","ast-page-background-enabled":"default","ast-page-background-meta":{"desktop":{"background-color":"","background-image":"","background-repeat":"repeat","background-position":"center center","background-size":"auto","background-attachment":"scroll","background-type":"","background-media":"","overlay-type":"","overlay-color":"","overlay-opacity":"","overlay-gradient":""},"tablet":{"background-color":"","background-image":"","background-repeat":"repeat","background-position":"center center","background-size":"auto","background-attachment":"scroll","background-type":"","background-media":"","overlay-type":"","overlay-color":"","overlay-opacity":"","overlay-gradient":""},"mobile":{"background-color":"","background-image":"","background-repeat":"repeat","background-position":"center center","background-size":"auto","background-attachment":"scroll","background-type":"","background-media":"","overlay-type":"","overlay-color":"","overlay-opacity":"","overlay-gradient":""}},"ast-content-background-meta":{"desktop":{"background-color":"var(--ast-global-color-5)","background-image":"","background-repeat":"repeat","background-position":"center center","background-size":"auto","background-attachment":"scroll","background-type":"","background-media":"","overlay-type":"","overlay-color":"","overlay-opacity":"","overlay-gradient":""},"tablet":{"background-color":"var(--ast-global-color-5)","background-image":"","background-repeat":"repeat","background-position":"center center","background-size":"auto","background-attachment":"scroll","background-type":"","background-media":"","overlay-type":"","overlay-color":"","overlay-opacity":"","overlay-gradient":""},"mobile":{"background-color":"var(--ast-global-color-5)","background-image":"","background-repeat":"repeat","background-position":"center center","background-size":"auto","background-attachment":"scroll","background-type":"","background-media":"","overlay-type":"","overlay-color":"","overlay-opacity":"","overlay-gradient":""}},"footnotes":""},"class_list":["post-1321","page","type-page","status-publish","hentry"],"uagb_featured_image_src":{"full":false,"thumbnail":false,"medium":false,"medium_large":false,"large":false,"1536x1536":false,"2048x2048":false,"trp-custom-language-flag":false},"uagb_author_info":{"display_name":"Admin","author_link":"https:\/\/carina-zacharias.de\/en\/author\/admin4373\/"},"uagb_comment_info":0,"uagb_excerpt":"Eine fantastische Welt, eine uralte Bestimmung und eine tapfere Heldin, die ihr Land vor dem Untergang bewahren muss Die Zeit der Kriege in Andurion ist vorbei. Um den Frieden zu [&hellip;]","_links":{"self":[{"href":"https:\/\/carina-zacharias.de\/en\/wp-json\/wp\/v2\/pages\/1321","targetHints":{"allow":["GET"]}}],"collection":[{"href":"https:\/\/carina-zacharias.de\/en\/wp-json\/wp\/v2\/pages"}],"about":[{"href":"https:\/\/carina-zacharias.de\/en\/wp-json\/wp\/v2\/types\/page"}],"author":[{"embeddable":true,"href":"https:\/\/carina-zacharias.de\/en\/wp-json\/wp\/v2\/users\/1"}],"replies":[{"embeddable":true,"href":"https:\/\/carina-zacharias.de\/en\/wp-json\/wp\/v2\/comments?post=1321"}],"version-history":[{"count":6,"href":"https:\/\/carina-zacharias.de\/en\/wp-json\/wp\/v2\/pages\/1321\/revisions"}],"predecessor-version":[{"id":2244,"href":"https:\/\/carina-zacharias.de\/en\/wp-json\/wp\/v2\/pages\/1321\/revisions\/2244"}],"wp:attachment":[{"href":"https:\/\/carina-zacharias.de\/en\/wp-json\/wp\/v2\/media?parent=1321"}],"curies":[{"name":"wp","href":"https:\/\/api.w.org\/{rel}","templated":true}]}}