{"id":1330,"date":"2022-07-16T19:37:26","date_gmt":"2022-07-16T17:37:26","guid":{"rendered":"https:\/\/carina-zacharias.de\/?page_id=1330"},"modified":"2024-01-01T12:35:58","modified_gmt":"2024-01-01T11:35:58","slug":"emba","status":"publish","type":"page","link":"https:\/\/carina-zacharias.de\/en\/emba\/","title":{"rendered":"Emba"},"content":{"rendered":"<div class=\"wp-block-columns is-layout-flex wp-container-core-columns-is-layout-28f84493 wp-block-columns-is-layout-flex\">\n<div class=\"wp-block-column is-layout-flow wp-block-column-is-layout-flow\">\n<figure class=\"wp-block-image aligncenter size-large is-resized\"><a href=\"https:\/\/www.luebbe.de\/one\/ebooks\/junge-erwachsene\/emba-die-jaegerin-von-pantreas\/id_10348328\" target=\"_blank\" rel=\"noreferrer noopener\"><img loading=\"lazy\" decoding=\"async\" src=\"https:\/\/carina-zacharias.de\/wp-content\/uploads\/2023\/12\/EmbaBundle-644x1024.jpg\" alt=\"\" class=\"wp-image-1541\" width=\"483\" height=\"768\" srcset=\"https:\/\/carina-zacharias.de\/wp-content\/uploads\/2023\/12\/EmbaBundle-644x1024.jpg 644w, https:\/\/carina-zacharias.de\/wp-content\/uploads\/2023\/12\/EmbaBundle-189x300.jpg 189w, https:\/\/carina-zacharias.de\/wp-content\/uploads\/2023\/12\/EmbaBundle-768x1221.jpg 768w, https:\/\/carina-zacharias.de\/wp-content\/uploads\/2023\/12\/EmbaBundle-966x1536.jpg 966w, https:\/\/carina-zacharias.de\/wp-content\/uploads\/2023\/12\/EmbaBundle-1288x2048.jpg 1288w, https:\/\/carina-zacharias.de\/wp-content\/uploads\/2023\/12\/EmbaBundle-scaled.jpg 1610w\" sizes=\"auto, (max-width: 483px) 100vw, 483px\" \/><\/a><\/figure>\n<\/div>\n\n\n\n<div class=\"wp-block-column is-layout-flow wp-block-column-is-layout-flow\">\n<h3 class=\"wp-block-heading\"><strong>Emba &#8211; Die J\u00e4gerin von Pantre\u00e1s<\/strong><\/h3>\n\n\n\n<p><strong>Was wei\u00dft du \u00fcber deine Welt?<\/strong><\/p>\n\n\n\n<p>Die 18-j\u00e4hrige Emba tr\u00e4umt von einem Leben als Runarj\u00e4gerin. Die b\u00f6sartigen Wesen bestehen aus purer Energie und sind die Quelle f\u00fcr den Reichtum und den Luxus in Pantre\u00e1s. Gegen den Willen ihres Vaters und mit viel Gl\u00fcck besteht Emba die harte Aufnahmepr\u00fcfung an der J\u00e4gerschule. Doch die Zeit der Pr\u00fcfungen scheint nun erst richtig zu starten: Zwischen Intrigen, Machtspielen und t\u00f6dlichen Gefahren muss sie sich beweisen \u2013 und auch ihr Herz bleibt dabei nicht verschont. Aber kann sie Fynn wirklich vertrauen?<br>Schon bald erkennt Emba, dass alles, was sie \u00fcber ihre Welt zu wissen glaubte, eine L\u00fcge war \u2026<\/p>\n\n\n\n<p>Emba ist ein packender YA-Fantasyroman voller Spannung, Gef\u00fchl, Temperament und Geheimnissen. Wenn dir fremde Welten gefallen und du gerne tief in Geschichten eintauchst, ist dieses eBook genau das richtige f\u00fcr dich.<\/p>\n<\/div>\n<\/div>\n\n\n\n<p>Vielleicht kennst Du noch die alten Cover von &#8222;Emba&#8220;. Denn der Roman ist zuvor in den zwei B\u00e4nden \u00bbEmba \u2013 Bitters\u00fc\u00dfe L\u00fcge\u00ab und \u00bbEmba \u2013 Magische Wahrheit\u00ab erschienen. Band 2 stand auf der Shortlist des DEUTSCHEN PHANTASTIK PREIS. In dem Sammel-eBook oben sind beide Teile enthalten.<\/p>\n\n\n\n<div class=\"wp-block-columns is-layout-flex wp-container-core-columns-is-layout-28f84493 wp-block-columns-is-layout-flex\">\n<div class=\"wp-block-column is-layout-flow wp-block-column-is-layout-flow\">\n<figure class=\"wp-block-image aligncenter size-full is-resized\"><img decoding=\"async\" src=\"https:\/\/carina-zacharias.de\/wp-content\/uploads\/2017\/06\/emba.jpeg\" alt=\"\" class=\"wp-image-22\" height=\"500\" srcset=\"https:\/\/carina-zacharias.de\/wp-content\/uploads\/2017\/06\/emba.jpeg 350w, https:\/\/carina-zacharias.de\/wp-content\/uploads\/2017\/06\/emba-189x300.jpeg 189w\" sizes=\"(max-width: 350px) 100vw, 350px\" \/><\/figure>\n<\/div>\n\n\n\n<div class=\"wp-block-column is-layout-flow wp-block-column-is-layout-flow\">\n<figure class=\"wp-block-image aligncenter size-full is-resized\"><img loading=\"lazy\" decoding=\"async\" src=\"https:\/\/carina-zacharias.de\/wp-content\/uploads\/2017\/06\/emba2neu.jpg\" alt=\"\" class=\"wp-image-25\" width=\"340\" height=\"540\" srcset=\"https:\/\/carina-zacharias.de\/wp-content\/uploads\/2017\/06\/emba2neu.jpg 315w, https:\/\/carina-zacharias.de\/wp-content\/uploads\/2017\/06\/emba2neu-189x300.jpg 189w\" sizes=\"auto, (max-width: 340px) 100vw, 340px\" \/><\/figure>\n<\/div>\n<\/div>","protected":false},"excerpt":{"rendered":"<p>Emba &#8211; Die J\u00e4gerin von Pantre\u00e1s Was wei\u00dft du \u00fcber deine Welt? Die 18-j\u00e4hrige Emba tr\u00e4umt von einem Leben als Runarj\u00e4gerin. Die b\u00f6sartigen Wesen bestehen aus purer Energie und sind [&hellip;]<\/p>\n","protected":false},"author":1,"featured_media":0,"parent":0,"menu_order":0,"comment_status":"closed","ping_status":"closed","template":"","meta":{"_uag_custom_page_level_css":"","site-sidebar-layout":"default","site-content-layout":"","ast-site-content-layout":"default","site-content-style":"default","site-sidebar-style":"default","ast-global-header-display":"","ast-banner-title-visibility":"","ast-main-header-display":"","ast-hfb-above-header-display":"","ast-hfb-below-header-display":"","ast-hfb-mobile-header-display":"","site-post-title":"","ast-breadcrumbs-content":"","ast-featured-img":"","footer-sml-layout":"","ast-disable-related-posts":"","theme-transparent-header-meta":"","adv-header-id-meta":"","stick-header-meta":"","header-above-stick-meta":"","header-main-stick-meta":"","header-below-stick-meta":"","astra-migrate-meta-layouts":"default","ast-page-background-enabled":"default","ast-page-background-meta":{"desktop":{"background-color":"","background-image":"","background-repeat":"repeat","background-position":"center center","background-size":"auto","background-attachment":"scroll","background-type":"","background-media":"","overlay-type":"","overlay-color":"","overlay-opacity":"","overlay-gradient":""},"tablet":{"background-color":"","background-image":"","background-repeat":"repeat","background-position":"center center","background-size":"auto","background-attachment":"scroll","background-type":"","background-media":"","overlay-type":"","overlay-color":"","overlay-opacity":"","overlay-gradient":""},"mobile":{"background-color":"","background-image":"","background-repeat":"repeat","background-position":"center center","background-size":"auto","background-attachment":"scroll","background-type":"","background-media":"","overlay-type":"","overlay-color":"","overlay-opacity":"","overlay-gradient":""}},"ast-content-background-meta":{"desktop":{"background-color":"var(--ast-global-color-5)","background-image":"","background-repeat":"repeat","background-position":"center center","background-size":"auto","background-attachment":"scroll","background-type":"","background-media":"","overlay-type":"","overlay-color":"","overlay-opacity":"","overlay-gradient":""},"tablet":{"background-color":"var(--ast-global-color-5)","background-image":"","background-repeat":"repeat","background-position":"center center","background-size":"auto","background-attachment":"scroll","background-type":"","background-media":"","overlay-type":"","overlay-color":"","overlay-opacity":"","overlay-gradient":""},"mobile":{"background-color":"var(--ast-global-color-5)","background-image":"","background-repeat":"repeat","background-position":"center center","background-size":"auto","background-attachment":"scroll","background-type":"","background-media":"","overlay-type":"","overlay-color":"","overlay-opacity":"","overlay-gradient":""}},"footnotes":""},"class_list":["post-1330","page","type-page","status-publish","hentry"],"uagb_featured_image_src":{"full":false,"thumbnail":false,"medium":false,"medium_large":false,"large":false,"1536x1536":false,"2048x2048":false,"trp-custom-language-flag":false},"uagb_author_info":{"display_name":"Admin","author_link":"https:\/\/carina-zacharias.de\/en\/author\/admin4373\/"},"uagb_comment_info":0,"uagb_excerpt":"Emba &#8211; Die J\u00e4gerin von Pantre\u00e1s Was wei\u00dft du \u00fcber deine Welt? Die 18-j\u00e4hrige Emba tr\u00e4umt von einem Leben als Runarj\u00e4gerin. Die b\u00f6sartigen Wesen bestehen aus purer Energie und sind [&hellip;]","_links":{"self":[{"href":"https:\/\/carina-zacharias.de\/en\/wp-json\/wp\/v2\/pages\/1330","targetHints":{"allow":["GET"]}}],"collection":[{"href":"https:\/\/carina-zacharias.de\/en\/wp-json\/wp\/v2\/pages"}],"about":[{"href":"https:\/\/carina-zacharias.de\/en\/wp-json\/wp\/v2\/types\/page"}],"author":[{"embeddable":true,"href":"https:\/\/carina-zacharias.de\/en\/wp-json\/wp\/v2\/users\/1"}],"replies":[{"embeddable":true,"href":"https:\/\/carina-zacharias.de\/en\/wp-json\/wp\/v2\/comments?post=1330"}],"version-history":[{"count":9,"href":"https:\/\/carina-zacharias.de\/en\/wp-json\/wp\/v2\/pages\/1330\/revisions"}],"predecessor-version":[{"id":1555,"href":"https:\/\/carina-zacharias.de\/en\/wp-json\/wp\/v2\/pages\/1330\/revisions\/1555"}],"wp:attachment":[{"href":"https:\/\/carina-zacharias.de\/en\/wp-json\/wp\/v2\/media?parent=1330"}],"curies":[{"name":"wp","href":"https:\/\/api.w.org\/{rel}","templated":true}]}}