{"id":1336,"date":"2022-07-16T19:42:35","date_gmt":"2022-07-16T17:42:35","guid":{"rendered":"https:\/\/carina-zacharias.de\/?page_id=1336"},"modified":"2022-07-16T20:07:22","modified_gmt":"2022-07-16T18:07:22","slug":"luramos-der-letzte-drache","status":"publish","type":"page","link":"https:\/\/carina-zacharias.de\/en\/luramos-der-letzte-drache\/","title":{"rendered":"Luramos &#8211; Der letzte Drache"},"content":{"rendered":"<div class=\"wp-block-columns is-layout-flex wp-container-core-columns-is-layout-28f84493 wp-block-columns-is-layout-flex\">\n<div class=\"wp-block-column is-layout-flow wp-block-column-is-layout-flow\">\n<figure class=\"wp-block-image aligncenter size-large\"><a href=\"https:\/\/www.papierfresserchen.de\/1323-Luramos-Der-letzte-Drache-Taschenbuch\" target=\"_blank\" rel=\"noreferrer noopener\"><img loading=\"lazy\" decoding=\"async\" width=\"684\" height=\"1024\" src=\"https:\/\/carina-zacharias.de\/wp-content\/uploads\/2020\/12\/Luramos_Front-684x1024.jpg\" alt=\"\" class=\"wp-image-1196\" srcset=\"https:\/\/carina-zacharias.de\/wp-content\/uploads\/2020\/12\/Luramos_Front-684x1024.jpg 684w, https:\/\/carina-zacharias.de\/wp-content\/uploads\/2020\/12\/Luramos_Front-100x150.jpg 100w, https:\/\/carina-zacharias.de\/wp-content\/uploads\/2020\/12\/Luramos_Front-200x300.jpg 200w, https:\/\/carina-zacharias.de\/wp-content\/uploads\/2020\/12\/Luramos_Front.jpg 751w\" sizes=\"auto, (max-width: 684px) 100vw, 684px\" \/><\/a><\/figure>\n<\/div>\n\n\n\n<div class=\"wp-block-column is-layout-flow wp-block-column-is-layout-flow\">\n<p><em>Die B\u00e4ume weinen nur \u00e4u\u00dferst selten und nie ohne Grund. Wenn ihre Tr\u00e4nen den Waldboden benetzen, bedeutet das, dass diese alten und weisen Wesen etwas wissen, das unsere Wahrnehmungsgabe \u00fcbersteigt. Gro\u00dfes Unheil wird \u00fcber Romanien kommen. Und niemand kann sagen, worin dieses Unheil besteht.&nbsp;<\/em><\/p>\n\n\n\n<p>Dreihundert Jahre lang hat Luramos, der letzte Drache, in einer einsamen H\u00f6hle geschlafen, fast vergessen von den Elfen, Menschen und Baumlingen. Nun jedoch l\u00e4sst der Zauber, der ihn in seinem k\u00fcnstlichen Schlummer gefangen h\u00e4lt, nach. Luramos droht aufzuwachen und die Bewohner Romaniens schweben in gro\u00dfer Gefahr. Nur der Auserw\u00e4hlte des Elfensteins kann sie noch sch\u00fctzen. Er soll den weiten Weg bis zu Luramos\u2019 H\u00f6hle antreten und den Zauberbann erneuern, um den gewaltigen Drachen dreihundert weitere Jahre schlafen zu lassen. Die Wahl des Elfensteins jedoch f\u00e4llt anders aus, als erwartet. Und niemand ahnt etwas von dem Feind, der all die Jahre ausgeharrt hat, durstend nach Rache &#8230;<\/p>\n<\/div>\n<\/div>\n\n\n\n<figure class=\"wp-block-embed is-type-video is-provider-youtube wp-block-embed-youtube wp-embed-aspect-16-9 wp-has-aspect-ratio\"><div class=\"wp-block-embed__wrapper\">\n<iframe loading=\"lazy\" title=\"&quot;Luramos - Der letzte Drache&quot;: Ver\u00f6ffentlichungsgeschichte und Neuauflage\" width=\"500\" height=\"281\" src=\"https:\/\/www.youtube.com\/embed\/_Je0NXn4gYQ?feature=oembed\" frameborder=\"0\" allow=\"accelerometer; autoplay; clipboard-write; encrypted-media; gyroscope; picture-in-picture; web-share\" referrerpolicy=\"strict-origin-when-cross-origin\" allowfullscreen><\/iframe>\n<\/div><\/figure>","protected":false},"excerpt":{"rendered":"<p>Die B\u00e4ume weinen nur \u00e4u\u00dferst selten und nie ohne Grund. Wenn ihre Tr\u00e4nen den Waldboden benetzen, bedeutet das, dass diese alten und weisen Wesen etwas wissen, das unsere Wahrnehmungsgabe \u00fcbersteigt. [&hellip;]<\/p>\n","protected":false},"author":1,"featured_media":0,"parent":0,"menu_order":0,"comment_status":"closed","ping_status":"closed","template":"","meta":{"_uag_custom_page_level_css":"","site-sidebar-layout":"default","site-content-layout":"","ast-site-content-layout":"default","site-content-style":"default","site-sidebar-style":"default","ast-global-header-display":"","ast-banner-title-visibility":"","ast-main-header-display":"","ast-hfb-above-header-display":"","ast-hfb-below-header-display":"","ast-hfb-mobile-header-display":"","site-post-title":"","ast-breadcrumbs-content":"","ast-featured-img":"","footer-sml-layout":"","ast-disable-related-posts":"","theme-transparent-header-meta":"","adv-header-id-meta":"","stick-header-meta":"","header-above-stick-meta":"","header-main-stick-meta":"","header-below-stick-meta":"","astra-migrate-meta-layouts":"default","ast-page-background-enabled":"default","ast-page-background-meta":{"desktop":{"background-color":"","background-image":"","background-repeat":"repeat","background-position":"center center","background-size":"auto","background-attachment":"scroll","background-type":"","background-media":"","overlay-type":"","overlay-color":"","overlay-opacity":"","overlay-gradient":""},"tablet":{"background-color":"","background-image":"","background-repeat":"repeat","background-position":"center center","background-size":"auto","background-attachment":"scroll","background-type":"","background-media":"","overlay-type":"","overlay-color":"","overlay-opacity":"","overlay-gradient":""},"mobile":{"background-color":"","background-image":"","background-repeat":"repeat","background-position":"center center","background-size":"auto","background-attachment":"scroll","background-type":"","background-media":"","overlay-type":"","overlay-color":"","overlay-opacity":"","overlay-gradient":""}},"ast-content-background-meta":{"desktop":{"background-color":"var(--ast-global-color-5)","background-image":"","background-repeat":"repeat","background-position":"center center","background-size":"auto","background-attachment":"scroll","background-type":"","background-media":"","overlay-type":"","overlay-color":"","overlay-opacity":"","overlay-gradient":""},"tablet":{"background-color":"var(--ast-global-color-5)","background-image":"","background-repeat":"repeat","background-position":"center center","background-size":"auto","background-attachment":"scroll","background-type":"","background-media":"","overlay-type":"","overlay-color":"","overlay-opacity":"","overlay-gradient":""},"mobile":{"background-color":"var(--ast-global-color-5)","background-image":"","background-repeat":"repeat","background-position":"center center","background-size":"auto","background-attachment":"scroll","background-type":"","background-media":"","overlay-type":"","overlay-color":"","overlay-opacity":"","overlay-gradient":""}},"footnotes":""},"class_list":["post-1336","page","type-page","status-publish","hentry"],"uagb_featured_image_src":{"full":false,"thumbnail":false,"medium":false,"medium_large":false,"large":false,"1536x1536":false,"2048x2048":false,"trp-custom-language-flag":false},"uagb_author_info":{"display_name":"Admin","author_link":"https:\/\/carina-zacharias.de\/en\/author\/admin4373\/"},"uagb_comment_info":0,"uagb_excerpt":"Die B\u00e4ume weinen nur \u00e4u\u00dferst selten und nie ohne Grund. Wenn ihre Tr\u00e4nen den Waldboden benetzen, bedeutet das, dass diese alten und weisen Wesen etwas wissen, das unsere Wahrnehmungsgabe \u00fcbersteigt. [&hellip;]","_links":{"self":[{"href":"https:\/\/carina-zacharias.de\/en\/wp-json\/wp\/v2\/pages\/1336","targetHints":{"allow":["GET"]}}],"collection":[{"href":"https:\/\/carina-zacharias.de\/en\/wp-json\/wp\/v2\/pages"}],"about":[{"href":"https:\/\/carina-zacharias.de\/en\/wp-json\/wp\/v2\/types\/page"}],"author":[{"embeddable":true,"href":"https:\/\/carina-zacharias.de\/en\/wp-json\/wp\/v2\/users\/1"}],"replies":[{"embeddable":true,"href":"https:\/\/carina-zacharias.de\/en\/wp-json\/wp\/v2\/comments?post=1336"}],"version-history":[{"count":3,"href":"https:\/\/carina-zacharias.de\/en\/wp-json\/wp\/v2\/pages\/1336\/revisions"}],"predecessor-version":[{"id":2241,"href":"https:\/\/carina-zacharias.de\/en\/wp-json\/wp\/v2\/pages\/1336\/revisions\/2241"}],"wp:attachment":[{"href":"https:\/\/carina-zacharias.de\/en\/wp-json\/wp\/v2\/media?parent=1336"}],"curies":[{"name":"wp","href":"https:\/\/api.w.org\/{rel}","templated":true}]}}