{"id":1340,"date":"2022-07-16T19:46:30","date_gmt":"2022-07-16T17:46:30","guid":{"rendered":"https:\/\/carina-zacharias.de\/?page_id=1340"},"modified":"2026-02-16T19:27:15","modified_gmt":"2026-02-16T18:27:15","slug":"das-geheime-buch","status":"publish","type":"page","link":"https:\/\/carina-zacharias.de\/en\/das-geheime-buch\/","title":{"rendered":"Das geheime Buch"},"content":{"rendered":"<p>&#8222;Das geheime Buch&#8220; ist ein Roman, den ich mit 18 Jahren geschrieben habe. Er erschien zun\u00e4chst bei einem Zuschussverlag und sp\u00e4ter in \u00fcberarbeiteter Form im Selfpublishing. Mittlerweile habe ich ihn vom Markt genommen. Mehr dazu erfahrt ihr im oberen der beiden unten verlinkten Videos (&#8222;Chatty Catch Up&#8220;).<\/p>\n\n\n\n<div class=\"wp-block-columns is-layout-flex wp-container-core-columns-is-layout-28f84493 wp-block-columns-is-layout-flex\">\n<div class=\"wp-block-column is-layout-flow wp-block-column-is-layout-flow\">\n<figure class=\"wp-block-image aligncenter size-large is-resized\"><a href=\"https:\/\/www.amazon.de\/Das-geheime-Buch-Carina-Zacharias\/dp\/9463426035\/ref=sr_1_1?keywords=das+geheime+buch+carina+zacharias&amp;qid=1657993548&amp;sprefix=das+geheime+buch+cari%2Caps%2C74&amp;sr=8-1\" target=\"_blank\" rel=\"noreferrer noopener\"><img loading=\"lazy\" decoding=\"async\" width=\"676\" height=\"1024\" src=\"https:\/\/carina-zacharias.de\/wp-content\/uploads\/2022\/07\/Taschenbuch-und-EBook_Front-676x1024.jpg\" alt=\"\" class=\"wp-image-1316\" style=\"width:338px;height:512px\" srcset=\"https:\/\/carina-zacharias.de\/wp-content\/uploads\/2022\/07\/Taschenbuch-und-EBook_Front-676x1024.jpg 676w, https:\/\/carina-zacharias.de\/wp-content\/uploads\/2022\/07\/Taschenbuch-und-EBook_Front-198x300.jpg 198w, https:\/\/carina-zacharias.de\/wp-content\/uploads\/2022\/07\/Taschenbuch-und-EBook_Front-100x150.jpg 100w, https:\/\/carina-zacharias.de\/wp-content\/uploads\/2022\/07\/Taschenbuch-und-EBook_Front-768x1164.jpg 768w, https:\/\/carina-zacharias.de\/wp-content\/uploads\/2022\/07\/Taschenbuch-und-EBook_Front-1013x1536.jpg 1013w, https:\/\/carina-zacharias.de\/wp-content\/uploads\/2022\/07\/Taschenbuch-und-EBook_Front-1351x2048.jpg 1351w, https:\/\/carina-zacharias.de\/wp-content\/uploads\/2022\/07\/Taschenbuch-und-EBook_Front.jpg 1580w\" sizes=\"auto, (max-width: 676px) 100vw, 676px\" \/><\/a><\/figure>\n<\/div>\n\n\n\n<div class=\"wp-block-column is-layout-flow wp-block-column-is-layout-flow\">\n<p><strong>Klappentext:<\/strong><\/p>\n\n\n\n<p>Ein Buch ohne Autor.<br>Ein ungekl\u00e4rter Mord.<br>Ein M\u00e4dchen auf der Suche nach der Wahrheit.<\/p>\n\n\n\n<p>Eigentlich glaubte die 16-j\u00e4hrige Katta ihre Gro\u00dfmutter zu kennen. Doch als die alte Frau unerwartet stirbt, wird klar, dass ihre Vergangenheit voller dunkler Geheimnisse steckt. Warum erz\u00e4hlte sie nie von ihrer Kindheit im Waisenhaus? Was hat es mit dem Brief auf sich, den sie kurz vor ihrem Tod an das verlassene Herrenhaus eines ber\u00fchmten, aber bereits verstorbenen Schriftstellers schreibt? Und war die alte Dame etwa in einen Mord verwickelt? Katta st\u00fcrzt sich in Abenteuer und Gefahren, um Licht ins Dunkel der Vergangenheit zu bringen. Dabei findet sie neue Freunde, st\u00f6\u00dft auf alte Verbrechen und r\u00fchrt an R\u00e4tsel und Erinnerungen, die unter jahrelangem Schweigen verborgen waren.<\/p>\n\n\n\n<p>&#8222;Das geheime Buch&#8220; ist eine spannende Geschichte von Freundschaft und Verrat, der Liebe zur Literatur und der Kraft der Fantasie.<\/p>\n<\/div>\n<\/div>\n\n\n\n<figure class=\"wp-block-embed is-type-video is-provider-youtube wp-block-embed-youtube wp-embed-aspect-16-9 wp-has-aspect-ratio\"><div class=\"wp-block-embed__wrapper\">\n<iframe loading=\"lazy\" title=\"Gem\u00fctliches Update Video \ud83e\uded6 | Videopl\u00e4ne, aktuelle Projekte, dies &amp; das ...\" width=\"500\" height=\"281\" src=\"https:\/\/www.youtube.com\/embed\/EYRXFF0oDOM?feature=oembed\" frameborder=\"0\" allow=\"accelerometer; autoplay; clipboard-write; encrypted-media; gyroscope; picture-in-picture; web-share\" referrerpolicy=\"strict-origin-when-cross-origin\" allowfullscreen><\/iframe>\n<\/div><\/figure>\n\n\n\n<div style=\"height:38px\" aria-hidden=\"true\" class=\"wp-block-spacer\"><\/div>\n\n\n\n<figure class=\"wp-block-embed is-type-video is-provider-youtube wp-block-embed-youtube wp-embed-aspect-16-9 wp-has-aspect-ratio\"><div class=\"wp-block-embed__wrapper\">\n<iframe loading=\"lazy\" title=\"Buchtrailer &quot;Das geheime Buch&quot; von Carina Zacharias\" width=\"500\" height=\"281\" src=\"https:\/\/www.youtube.com\/embed\/fwrOyHBloAg?feature=oembed\" frameborder=\"0\" allow=\"accelerometer; autoplay; clipboard-write; encrypted-media; gyroscope; picture-in-picture; web-share\" referrerpolicy=\"strict-origin-when-cross-origin\" allowfullscreen><\/iframe>\n<\/div><\/figure>","protected":false},"excerpt":{"rendered":"<p>&#8222;Das geheime Buch&#8220; ist ein Roman, den ich mit 18 Jahren geschrieben habe. Er erschien zun\u00e4chst bei einem Zuschussverlag und sp\u00e4ter in \u00fcberarbeiteter Form im Selfpublishing. Mittlerweile habe ich ihn [&hellip;]<\/p>\n","protected":false},"author":1,"featured_media":0,"parent":0,"menu_order":0,"comment_status":"closed","ping_status":"closed","template":"","meta":{"_uag_custom_page_level_css":"","site-sidebar-layout":"default","site-content-layout":"","ast-site-content-layout":"default","site-content-style":"default","site-sidebar-style":"default","ast-global-header-display":"","ast-banner-title-visibility":"","ast-main-header-display":"","ast-hfb-above-header-display":"","ast-hfb-below-header-display":"","ast-hfb-mobile-header-display":"","site-post-title":"","ast-breadcrumbs-content":"","ast-featured-img":"","footer-sml-layout":"","ast-disable-related-posts":"","theme-transparent-header-meta":"","adv-header-id-meta":"","stick-header-meta":"","header-above-stick-meta":"","header-main-stick-meta":"","header-below-stick-meta":"","astra-migrate-meta-layouts":"set","ast-page-background-enabled":"default","ast-page-background-meta":{"desktop":{"background-color":"","background-image":"","background-repeat":"repeat","background-position":"center center","background-size":"auto","background-attachment":"scroll","background-type":"","background-media":"","overlay-type":"","overlay-color":"","overlay-opacity":"","overlay-gradient":""},"tablet":{"background-color":"","background-image":"","background-repeat":"repeat","background-position":"center center","background-size":"auto","background-attachment":"scroll","background-type":"","background-media":"","overlay-type":"","overlay-color":"","overlay-opacity":"","overlay-gradient":""},"mobile":{"background-color":"","background-image":"","background-repeat":"repeat","background-position":"center center","background-size":"auto","background-attachment":"scroll","background-type":"","background-media":"","overlay-type":"","overlay-color":"","overlay-opacity":"","overlay-gradient":""}},"ast-content-background-meta":{"desktop":{"background-color":"var(--ast-global-color-5)","background-image":"","background-repeat":"repeat","background-position":"center center","background-size":"auto","background-attachment":"scroll","background-type":"","background-media":"","overlay-type":"","overlay-color":"","overlay-opacity":"","overlay-gradient":""},"tablet":{"background-color":"var(--ast-global-color-5)","background-image":"","background-repeat":"repeat","background-position":"center center","background-size":"auto","background-attachment":"scroll","background-type":"","background-media":"","overlay-type":"","overlay-color":"","overlay-opacity":"","overlay-gradient":""},"mobile":{"background-color":"var(--ast-global-color-5)","background-image":"","background-repeat":"repeat","background-position":"center center","background-size":"auto","background-attachment":"scroll","background-type":"","background-media":"","overlay-type":"","overlay-color":"","overlay-opacity":"","overlay-gradient":""}},"footnotes":""},"class_list":["post-1340","page","type-page","status-publish","hentry"],"uagb_featured_image_src":{"full":false,"thumbnail":false,"medium":false,"medium_large":false,"large":false,"1536x1536":false,"2048x2048":false,"trp-custom-language-flag":false},"uagb_author_info":{"display_name":"Admin","author_link":"https:\/\/carina-zacharias.de\/en\/author\/admin4373\/"},"uagb_comment_info":0,"uagb_excerpt":"&#8222;Das geheime Buch&#8220; ist ein Roman, den ich mit 18 Jahren geschrieben habe. Er erschien zun\u00e4chst bei einem Zuschussverlag und sp\u00e4ter in \u00fcberarbeiteter Form im Selfpublishing. Mittlerweile habe ich ihn [&hellip;]","_links":{"self":[{"href":"https:\/\/carina-zacharias.de\/en\/wp-json\/wp\/v2\/pages\/1340","targetHints":{"allow":["GET"]}}],"collection":[{"href":"https:\/\/carina-zacharias.de\/en\/wp-json\/wp\/v2\/pages"}],"about":[{"href":"https:\/\/carina-zacharias.de\/en\/wp-json\/wp\/v2\/types\/page"}],"author":[{"embeddable":true,"href":"https:\/\/carina-zacharias.de\/en\/wp-json\/wp\/v2\/users\/1"}],"replies":[{"embeddable":true,"href":"https:\/\/carina-zacharias.de\/en\/wp-json\/wp\/v2\/comments?post=1340"}],"version-history":[{"count":4,"href":"https:\/\/carina-zacharias.de\/en\/wp-json\/wp\/v2\/pages\/1340\/revisions"}],"predecessor-version":[{"id":2402,"href":"https:\/\/carina-zacharias.de\/en\/wp-json\/wp\/v2\/pages\/1340\/revisions\/2402"}],"wp:attachment":[{"href":"https:\/\/carina-zacharias.de\/en\/wp-json\/wp\/v2\/media?parent=1340"}],"curies":[{"name":"wp","href":"https:\/\/api.w.org\/{rel}","templated":true}]}}