{"id":1347,"date":"2022-07-16T19:58:24","date_gmt":"2022-07-16T17:58:24","guid":{"rendered":"https:\/\/carina-zacharias.de\/?page_id=1347"},"modified":"2022-07-16T19:58:24","modified_gmt":"2022-07-16T17:58:24","slug":"rosenhaus-9","status":"publish","type":"page","link":"https:\/\/carina-zacharias.de\/en\/rosenhaus-9\/","title":{"rendered":"Rosenhaus 9"},"content":{"rendered":"<div class=\"wp-block-columns is-layout-flex wp-container-core-columns-is-layout-28f84493 wp-block-columns-is-layout-flex\">\n<div class=\"wp-block-column is-layout-flow wp-block-column-is-layout-flow\">\n<figure class=\"wp-block-image aligncenter size-large\"><a href=\"https:\/\/www.youtube.com\/playlist?list=OLAK5uy_mE4PHeyLyuL5_n50Z94YvWMUEZzDj1zbQ\" target=\"_blank\" rel=\"noreferrer noopener\"><img loading=\"lazy\" decoding=\"async\" width=\"1024\" height=\"1024\" src=\"https:\/\/carina-zacharias.de\/wp-content\/uploads\/2020\/10\/13_Cover_3200_3200_Carina_Stalker-1024x1024.jpg\" alt=\"\" class=\"wp-image-1187\" srcset=\"https:\/\/carina-zacharias.de\/wp-content\/uploads\/2020\/10\/13_Cover_3200_3200_Carina_Stalker-1024x1024.jpg 1024w, https:\/\/carina-zacharias.de\/wp-content\/uploads\/2020\/10\/13_Cover_3200_3200_Carina_Stalker-300x300.jpg 300w, https:\/\/carina-zacharias.de\/wp-content\/uploads\/2020\/10\/13_Cover_3200_3200_Carina_Stalker-768x768.jpg 768w, https:\/\/carina-zacharias.de\/wp-content\/uploads\/2020\/10\/13_Cover_3200_3200_Carina_Stalker-500x500.jpg 500w\" sizes=\"auto, (max-width: 1024px) 100vw, 1024px\" \/><\/a><\/figure>\n<\/div>\n\n\n\n<div class=\"wp-block-column is-layout-flow wp-block-column-is-layout-flow\">\n<p>&#8222;Hashtag Stalker&#8220; ist eine H\u00f6rbuch-Kurzgeschichte, erschienen in der Reihe &#8222;Rosenhaus 9&#8220;.<\/p>\n\n\n\n<p>Isa verzweifelt daran, dass ihre Beautyblogs auf Instagram und YouTube einfach nicht wachsen wollen. Um endlich ein paar Follower zu gewinnen, greift sie schlie\u00dflich zu haarstr\u00e4ubenden Mitteln. Damit setzt sie jedoch eine Kette von Ereignissen in Gang, die ihr haltlos \u00fcber den Kopf w\u00e4chst&#8230;<\/p>\n\n\n\n<p><\/p>\n<\/div>\n<\/div>\n\n\n\n<p><em>Rosenhaus 9: Ein mysteri\u00f6ses Haus in der Innenstadt K\u00f6lns.<\/em><\/p>\n\n\n\n<p><em>Doch der Name tr\u00fcgt: Wer hier einzieht, ist nicht auf Rosen gebettet. Verr\u00fcckt vielleicht. Oder mutig. Lebensm\u00fcde k\u00f6nnte man meinen. Rosen oder Dornen &#8211; wer wei\u00df das schon?<\/em><\/p>\n\n\n\n<p><em>Manch einer kann froh sein, dass er das Haus auf eigenen Beinen verlassen kann. Tatsache ist: Hier geschehen unerkl\u00e4rliche Verbrechen. Und immer wieder gibt es Bewohner, die den Kampf gegen den D\u00e4mon in ihrem Inneren verlieren.<\/em><\/p>\n\n\n\n<p><em>Doch da sind auch die anderen Erlebnisse, freudige, emotionale, unerwartet sch\u00f6ne. Zwischen Himmel und H\u00f6lle findet hier jeder sein Schicksal.<\/em><\/p>\n\n\n\n<p><em>Rosenhaus 9 ist eine brandneue Reihe spannender Geschichten von unterschiedlichen Autoren pr\u00e4sentiert, jede f\u00fcr sich abgeschlossen und doch geschickt ineinander verwoben. Es ist sicherer, keine zu verpassen. Kommen Sie herein, vergessen Sie den Fahrstuhl, nehmen Sie die Treppe. Sicher ist sicher. Seien Sie unser Gast.<\/em><\/p>\n\n\n\n<p>Ihr bekommt die Geschichte &#8222;Hashtag Stalker&#8220;, <a rel=\"noreferrer noopener\" href=\"https:\/\/www.genialokal.de\/Produkt\/Carina-Zacharias\/Hashtag-Stalker-Rosenhaus-9-Nr-13_lid_44096533.html\" target=\"_blank\">im Buchhandel<\/a>, bei allen gut sortierten H\u00f6rbuch-Anbietern (<a rel=\"noreferrer noopener\" href=\"https:\/\/www.audible.de\/pd\/Hashtag-Stalker-Hoerbuch\/B08SC44TKF?ref=a_series_Ro_c4_lProduct_1_13&amp;pf_rd_p=ce651f84-6682-4e9e-a31c-75adf221c2f2&amp;pf_rd_r=MK0N9A63YG9EQN07415Q\" target=\"_blank\">Audible<\/a>, <a rel=\"noreferrer noopener\" href=\"https:\/\/www.bookbeat.de\/buch\/hashtag-stalker-rosenhaus-9-nr13-291682\" target=\"_blank\">Bookbeat<\/a>, <a rel=\"noreferrer noopener\" href=\"https:\/\/www.nextory.de\/buch\/hashtag-stalker-rosenhaus-9-nr-13-10879846\" target=\"_blank\">Nextory<\/a>&nbsp;&#8230;), auf <a rel=\"noreferrer noopener\" href=\"https:\/\/open.spotify.com\/playlist\/5bbwtaTXsaz09680FTPkPx?si=hEBiPIQhQLijrAOsOaqn4g\" target=\"_blank\">Spotify&nbsp;<\/a>und sogar frei verf\u00fcgbar auf <a rel=\"noreferrer noopener\" href=\"https:\/\/www.youtube.com\/playlist?list=OLAK5uy_mE4PHeyLyuL5_n50Z94YvWMUEZzDj1zbQ\" target=\"_blank\">YouTube<\/a>. Wenn sie euch gef\u00e4llt, w\u00fcrde ich mich sehr \u00fcber eine positive Rezension freuen, damit mehr Leute darauf aufmerksam werden. \ud83d\ude42 Vielen Dank!<\/p>\n\n\n\n<p>Alle &#8222;Rosenhaus 9&#8220; &#8211; Geschichten sind auch zusammen <a rel=\"noreferrer noopener\" href=\"https:\/\/www.thalia.de\/shop\/home\/artikeldetails\/A1063395965\" target=\"_blank\">als (Print-)Buch<\/a> erschienen.<\/p>\n\n\n\n<figure class=\"wp-block-embed is-type-video is-provider-youtube wp-block-embed-youtube wp-embed-aspect-16-9 wp-has-aspect-ratio\"><div class=\"wp-block-embed__wrapper\">\n<iframe loading=\"lazy\" title=\"Rosenhaus 9: Kurzgeschichten f\u00fcr die Ohren \ud83c\udfa7\" width=\"500\" height=\"281\" src=\"https:\/\/www.youtube.com\/embed\/66_tGdLbr0U?feature=oembed\" frameborder=\"0\" allow=\"accelerometer; autoplay; clipboard-write; encrypted-media; gyroscope; picture-in-picture; web-share\" referrerpolicy=\"strict-origin-when-cross-origin\" allowfullscreen><\/iframe>\n<\/div><\/figure>","protected":false},"excerpt":{"rendered":"<p>&#8222;Hashtag Stalker&#8220; ist eine H\u00f6rbuch-Kurzgeschichte, erschienen in der Reihe &#8222;Rosenhaus 9&#8220;. Isa verzweifelt daran, dass ihre Beautyblogs auf Instagram und YouTube einfach nicht wachsen wollen. Um endlich ein paar Follower [&hellip;]<\/p>\n","protected":false},"author":1,"featured_media":0,"parent":0,"menu_order":0,"comment_status":"closed","ping_status":"closed","template":"","meta":{"_uag_custom_page_level_css":"","site-sidebar-layout":"default","site-content-layout":"","ast-site-content-layout":"default","site-content-style":"default","site-sidebar-style":"default","ast-global-header-display":"","ast-banner-title-visibility":"","ast-main-header-display":"","ast-hfb-above-header-display":"","ast-hfb-below-header-display":"","ast-hfb-mobile-header-display":"","site-post-title":"","ast-breadcrumbs-content":"","ast-featured-img":"","footer-sml-layout":"","ast-disable-related-posts":"","theme-transparent-header-meta":"","adv-header-id-meta":"","stick-header-meta":"","header-above-stick-meta":"","header-main-stick-meta":"","header-below-stick-meta":"","astra-migrate-meta-layouts":"default","ast-page-background-enabled":"default","ast-page-background-meta":{"desktop":{"background-color":"","background-image":"","background-repeat":"repeat","background-position":"center center","background-size":"auto","background-attachment":"scroll","background-type":"","background-media":"","overlay-type":"","overlay-color":"","overlay-opacity":"","overlay-gradient":""},"tablet":{"background-color":"","background-image":"","background-repeat":"repeat","background-position":"center center","background-size":"auto","background-attachment":"scroll","background-type":"","background-media":"","overlay-type":"","overlay-color":"","overlay-opacity":"","overlay-gradient":""},"mobile":{"background-color":"","background-image":"","background-repeat":"repeat","background-position":"center center","background-size":"auto","background-attachment":"scroll","background-type":"","background-media":"","overlay-type":"","overlay-color":"","overlay-opacity":"","overlay-gradient":""}},"ast-content-background-meta":{"desktop":{"background-color":"var(--ast-global-color-5)","background-image":"","background-repeat":"repeat","background-position":"center center","background-size":"auto","background-attachment":"scroll","background-type":"","background-media":"","overlay-type":"","overlay-color":"","overlay-opacity":"","overlay-gradient":""},"tablet":{"background-color":"var(--ast-global-color-5)","background-image":"","background-repeat":"repeat","background-position":"center center","background-size":"auto","background-attachment":"scroll","background-type":"","background-media":"","overlay-type":"","overlay-color":"","overlay-opacity":"","overlay-gradient":""},"mobile":{"background-color":"var(--ast-global-color-5)","background-image":"","background-repeat":"repeat","background-position":"center center","background-size":"auto","background-attachment":"scroll","background-type":"","background-media":"","overlay-type":"","overlay-color":"","overlay-opacity":"","overlay-gradient":""}},"footnotes":""},"class_list":["post-1347","page","type-page","status-publish","hentry"],"uagb_featured_image_src":{"full":false,"thumbnail":false,"medium":false,"medium_large":false,"large":false,"1536x1536":false,"2048x2048":false,"trp-custom-language-flag":false},"uagb_author_info":{"display_name":"Admin","author_link":"https:\/\/carina-zacharias.de\/en\/author\/admin4373\/"},"uagb_comment_info":0,"uagb_excerpt":"&#8222;Hashtag Stalker&#8220; ist eine H\u00f6rbuch-Kurzgeschichte, erschienen in der Reihe &#8222;Rosenhaus 9&#8220;. Isa verzweifelt daran, dass ihre Beautyblogs auf Instagram und YouTube einfach nicht wachsen wollen. Um endlich ein paar Follower [&hellip;]","_links":{"self":[{"href":"https:\/\/carina-zacharias.de\/en\/wp-json\/wp\/v2\/pages\/1347","targetHints":{"allow":["GET"]}}],"collection":[{"href":"https:\/\/carina-zacharias.de\/en\/wp-json\/wp\/v2\/pages"}],"about":[{"href":"https:\/\/carina-zacharias.de\/en\/wp-json\/wp\/v2\/types\/page"}],"author":[{"embeddable":true,"href":"https:\/\/carina-zacharias.de\/en\/wp-json\/wp\/v2\/users\/1"}],"replies":[{"embeddable":true,"href":"https:\/\/carina-zacharias.de\/en\/wp-json\/wp\/v2\/comments?post=1347"}],"version-history":[{"count":3,"href":"https:\/\/carina-zacharias.de\/en\/wp-json\/wp\/v2\/pages\/1347\/revisions"}],"predecessor-version":[{"id":2243,"href":"https:\/\/carina-zacharias.de\/en\/wp-json\/wp\/v2\/pages\/1347\/revisions\/2243"}],"wp:attachment":[{"href":"https:\/\/carina-zacharias.de\/en\/wp-json\/wp\/v2\/media?parent=1347"}],"curies":[{"name":"wp","href":"https:\/\/api.w.org\/{rel}","templated":true}]}}