{"id":1388,"date":"2022-07-22T16:24:50","date_gmt":"2022-07-22T14:24:50","guid":{"rendered":"https:\/\/carina-zacharias.de\/?page_id=1388"},"modified":"2025-09-12T18:20:33","modified_gmt":"2025-09-12T16:20:33","slug":"minna-und-die-magische-stadt","status":"publish","type":"page","link":"https:\/\/carina-zacharias.de\/en\/minna-und-die-magische-stadt\/","title":{"rendered":"Minna und die magische Stadt"},"content":{"rendered":"<div class=\"wp-block-columns is-layout-flex wp-container-core-columns-is-layout-28f84493 wp-block-columns-is-layout-flex\">\n<div class=\"wp-block-column is-layout-flow wp-block-column-is-layout-flow\" style=\"flex-basis:50%\">\n<figure class=\"wp-block-image size-large is-resized\"><a href=\"https:\/\/www.wunderhaus-verlag.de\/product\/minna-und-die-magische-stadt\/\" target=\"_blank\" rel=\"noreferrer noopener\"><img loading=\"lazy\" decoding=\"async\" width=\"726\" height=\"1024\" src=\"https:\/\/carina-zacharias.de\/wp-content\/uploads\/2022\/07\/CoverDruckereiLayout-726x1024.jpg\" alt=\"\" class=\"wp-image-1389\" style=\"width:363px;height:512px\" srcset=\"https:\/\/carina-zacharias.de\/wp-content\/uploads\/2022\/07\/CoverDruckereiLayout-726x1024.jpg 726w, https:\/\/carina-zacharias.de\/wp-content\/uploads\/2022\/07\/CoverDruckereiLayout-213x300.jpg 213w, https:\/\/carina-zacharias.de\/wp-content\/uploads\/2022\/07\/CoverDruckereiLayout-768x1083.jpg 768w, https:\/\/carina-zacharias.de\/wp-content\/uploads\/2022\/07\/CoverDruckereiLayout-1089x1536.jpg 1089w, https:\/\/carina-zacharias.de\/wp-content\/uploads\/2022\/07\/CoverDruckereiLayout-1452x2048.jpg 1452w, https:\/\/carina-zacharias.de\/wp-content\/uploads\/2022\/07\/CoverDruckereiLayout.jpg 1800w\" sizes=\"auto, (max-width: 726px) 100vw, 726px\" \/><\/a><\/figure>\n<\/div>\n\n\n\n<div class=\"wp-block-column is-layout-flow wp-block-column-is-layout-flow\" style=\"flex-basis:70%\">\n<p><strong><a href=\"https:\/\/bwlnk.com\/9783963729485\" data-type=\"link\" data-id=\"https:\/\/bwlnk.com\/9783963729485\" target=\"_blank\" rel=\"noreferrer noopener\">Jetzt auch als H\u00f6rbuch!<\/a><\/strong><\/p>\n\n\n\n<p>Das 12-j\u00e4hrige Waisenm\u00e4dchen Minna tr\u00e4umt davon, ein Handwerk zu erlernen. Es gelingt ihr tats\u00e4chlich, eine der begehrten Lehrstellen in der magischen Stadt zu ergattern, wo jeder Handwerker eine ganz eigene Magie ausbildet. Dumm nur, dass der m\u00fcrrische Buchbinder, bei dem sie in die Lehre geht, nie wieder ein Buch binden will. Irgendetwas stimmt da nicht. Wird Minna es schaffen, hinter sein Geheimnis zu kommen? Was verbirgt sich in den dunklen Katakomben der verbotenen Unterstadt? Und was hat das alles mit dem alten Schl\u00fcssel zu tun, der einst ihren Eltern geh\u00f6rte?<\/p>\n\n\n\n<p>Eine neue Fantasy-Welt voller R\u00e4tsel, Spannung und Magie.<\/p>\n\n\n\n<p>Empfohlen ab 10 Jahren.<\/p>\n<\/div>\n<\/div>\n\n\n\n<h2 class=\"wp-block-heading\">Videos zu Minna von meinem YouTube Kanal:<\/h2>\n\n\n\n<figure class=\"wp-block-embed is-type-video is-provider-youtube wp-block-embed-youtube wp-embed-aspect-16-9 wp-has-aspect-ratio\"><div class=\"wp-block-embed__wrapper\">\n<iframe loading=\"lazy\" title=\"Zwei Monate nach der Ver\u00f6ffentlichung | Wie l\u00e4uft es mit &quot;Minna und die magische Stadt&quot;?\" width=\"500\" height=\"281\" src=\"https:\/\/www.youtube.com\/embed\/46_lJBEd3rM?feature=oembed\" frameborder=\"0\" allow=\"accelerometer; autoplay; clipboard-write; encrypted-media; gyroscope; picture-in-picture; web-share\" referrerpolicy=\"strict-origin-when-cross-origin\" allowfullscreen><\/iframe>\n<\/div><\/figure>\n\n\n\n<figure class=\"wp-block-embed is-type-video is-provider-youtube wp-block-embed-youtube wp-embed-aspect-16-9 wp-has-aspect-ratio\"><div class=\"wp-block-embed__wrapper\">\n<iframe loading=\"lazy\" title=\"Unboxing von meinem Buch \u201eMinna und die magische Stadt\u201c \ud83e\udd29\" width=\"422\" height=\"750\" src=\"https:\/\/www.youtube.com\/embed\/p2HGjQWBvUg?feature=oembed\" frameborder=\"0\" allow=\"accelerometer; autoplay; clipboard-write; encrypted-media; gyroscope; picture-in-picture; web-share\" referrerpolicy=\"strict-origin-when-cross-origin\" allowfullscreen><\/iframe>\n<\/div><\/figure>\n\n\n\n<figure class=\"wp-block-embed is-type-video is-provider-youtube wp-block-embed-youtube wp-embed-aspect-16-9 wp-has-aspect-ratio\"><div class=\"wp-block-embed__wrapper\">\n<iframe loading=\"lazy\" title=\"Signierte Exemplare &amp; Blick ins Buch | Minna und die magische Stadt\" width=\"500\" height=\"281\" src=\"https:\/\/www.youtube.com\/embed\/AGQKYKrwUjU?feature=oembed\" frameborder=\"0\" allow=\"accelerometer; autoplay; clipboard-write; encrypted-media; gyroscope; picture-in-picture; web-share\" referrerpolicy=\"strict-origin-when-cross-origin\" allowfullscreen><\/iframe>\n<\/div><\/figure>\n\n\n\n<figure class=\"wp-block-embed is-type-video is-provider-youtube wp-block-embed-youtube wp-embed-aspect-16-9 wp-has-aspect-ratio\"><div class=\"wp-block-embed__wrapper\">\n<iframe loading=\"lazy\" title=\"Cover Talk: So entsteht ein Buchcover &amp; Das Cover f\u00fcr &quot;Minna und die magische Stadt&quot;\" width=\"500\" height=\"281\" src=\"https:\/\/www.youtube.com\/embed\/r5z7lv78dgs?feature=oembed\" frameborder=\"0\" allow=\"accelerometer; autoplay; clipboard-write; encrypted-media; gyroscope; picture-in-picture; web-share\" referrerpolicy=\"strict-origin-when-cross-origin\" allowfullscreen><\/iframe>\n<\/div><\/figure>\n\n\n\n<h2 class=\"wp-block-heading\">Das Beste am Handwerk<\/h2>\n\n\n\n<div class=\"wp-block-columns is-layout-flex wp-container-core-columns-is-layout-28f84493 wp-block-columns-is-layout-flex\">\n<div class=\"wp-block-column is-layout-flow wp-block-column-is-layout-flow\" style=\"flex-basis:90%\">\n<p>Das Beste am Handwerk ist ein Projekt aus Mecklenburg Vorpommern, das Handwerksbetriebe bei der Nachwuchswerbung unterst\u00fctzt. Es ist aber auch eine deutschlandweite Imagekampagne mit einem einmaligen, digitalen Konzept, bei dem Azubis zeitgem\u00e4\u00df, ehrlich und authentisch aus ihrem Berufsalltag berichten. Schaut gerne mal auf ihrer <a rel=\"noreferrer noopener\" href=\"https:\/\/www.das-beste-am-handwerk.de\/\" target=\"_blank\">Homepage <\/a>oder ihren zahlreichen Social Media Auftritten vorbei, z.B. hier auf <a rel=\"noreferrer noopener\" href=\"https:\/\/www.instagram.com\/dasbesteamhandwerk\/\" target=\"_blank\">Instagram<\/a>.<\/p>\n<\/div>\n\n\n\n<div class=\"wp-block-column is-layout-flow wp-block-column-is-layout-flow\" style=\"flex-basis:20%\">\n<figure class=\"wp-block-image size-full is-resized\"><a href=\"https:\/\/www.das-beste-am-handwerk.de\/minna\/\" target=\"_blank\" rel=\"noreferrer noopener\"><img loading=\"lazy\" decoding=\"async\" width=\"88\" height=\"88\" src=\"https:\/\/carina-zacharias.de\/wp-content\/uploads\/2022\/09\/DasBesteAmHandwerk.jpg\" alt=\"\" class=\"wp-image-1415\" style=\"width:87px;height:85px\"\/><\/a><\/figure>\n<\/div>\n<\/div>\n\n\n\n<p><strong>Und was hat das mit Minna zu tun? <\/strong>Das Beste am Handwerk fand die Idee hinter der Geschichte von Minna cool, weil Minna Handwerkerin werden m\u00f6chte und die Magie des Handwerks in dem Buch eine zentrale Rolle spielt. Sie haben zusammen mit dem Wunderhaus Verlag einen QR Code hinten auf das Buch gebracht, das ihr mit eurem Handy scannen k\u00f6nnt. Wenn ihr dann das Cover des Buchs unter eure Handykamera haltet, erzeugt ihr nicht nur einen ziemlich beeindruckenden Augmented Reality Effekt, sondern h\u00f6rt auch den Song zum Buch: &#8222;Handwerk ist Magie&#8220;. Probiert es unbedingt mal aus! \ud83d\ude42<\/p>\n\n\n\n<p><\/p>","protected":false},"excerpt":{"rendered":"<p>Jetzt auch als H\u00f6rbuch! Das 12-j\u00e4hrige Waisenm\u00e4dchen Minna tr\u00e4umt davon, ein Handwerk zu erlernen. Es gelingt ihr tats\u00e4chlich, eine der begehrten Lehrstellen in der magischen Stadt zu ergattern, wo jeder [&hellip;]<\/p>\n","protected":false},"author":1,"featured_media":0,"parent":0,"menu_order":0,"comment_status":"closed","ping_status":"closed","template":"","meta":{"_uag_custom_page_level_css":"","site-sidebar-layout":"default","site-content-layout":"","ast-site-content-layout":"default","site-content-style":"default","site-sidebar-style":"default","ast-global-header-display":"","ast-banner-title-visibility":"","ast-main-header-display":"","ast-hfb-above-header-display":"","ast-hfb-below-header-display":"","ast-hfb-mobile-header-display":"","site-post-title":"","ast-breadcrumbs-content":"","ast-featured-img":"","footer-sml-layout":"","ast-disable-related-posts":"","theme-transparent-header-meta":"","adv-header-id-meta":"","stick-header-meta":"","header-above-stick-meta":"","header-main-stick-meta":"","header-below-stick-meta":"","astra-migrate-meta-layouts":"set","ast-page-background-enabled":"default","ast-page-background-meta":{"desktop":{"background-color":"","background-image":"","background-repeat":"repeat","background-position":"center center","background-size":"auto","background-attachment":"scroll","background-type":"","background-media":"","overlay-type":"","overlay-color":"","overlay-opacity":"","overlay-gradient":""},"tablet":{"background-color":"","background-image":"","background-repeat":"repeat","background-position":"center center","background-size":"auto","background-attachment":"scroll","background-type":"","background-media":"","overlay-type":"","overlay-color":"","overlay-opacity":"","overlay-gradient":""},"mobile":{"background-color":"","background-image":"","background-repeat":"repeat","background-position":"center center","background-size":"auto","background-attachment":"scroll","background-type":"","background-media":"","overlay-type":"","overlay-color":"","overlay-opacity":"","overlay-gradient":""}},"ast-content-background-meta":{"desktop":{"background-color":"var(--ast-global-color-5)","background-image":"","background-repeat":"repeat","background-position":"center center","background-size":"auto","background-attachment":"scroll","background-type":"","background-media":"","overlay-type":"","overlay-color":"","overlay-opacity":"","overlay-gradient":""},"tablet":{"background-color":"var(--ast-global-color-5)","background-image":"","background-repeat":"repeat","background-position":"center center","background-size":"auto","background-attachment":"scroll","background-type":"","background-media":"","overlay-type":"","overlay-color":"","overlay-opacity":"","overlay-gradient":""},"mobile":{"background-color":"var(--ast-global-color-5)","background-image":"","background-repeat":"repeat","background-position":"center center","background-size":"auto","background-attachment":"scroll","background-type":"","background-media":"","overlay-type":"","overlay-color":"","overlay-opacity":"","overlay-gradient":""}},"footnotes":""},"class_list":["post-1388","page","type-page","status-publish","hentry"],"uagb_featured_image_src":{"full":false,"thumbnail":false,"medium":false,"medium_large":false,"large":false,"1536x1536":false,"2048x2048":false,"trp-custom-language-flag":false},"uagb_author_info":{"display_name":"Admin","author_link":"https:\/\/carina-zacharias.de\/en\/author\/admin4373\/"},"uagb_comment_info":0,"uagb_excerpt":"Jetzt auch als H\u00f6rbuch! Das 12-j\u00e4hrige Waisenm\u00e4dchen Minna tr\u00e4umt davon, ein Handwerk zu erlernen. Es gelingt ihr tats\u00e4chlich, eine der begehrten Lehrstellen in der magischen Stadt zu ergattern, wo jeder [&hellip;]","_links":{"self":[{"href":"https:\/\/carina-zacharias.de\/en\/wp-json\/wp\/v2\/pages\/1388","targetHints":{"allow":["GET"]}}],"collection":[{"href":"https:\/\/carina-zacharias.de\/en\/wp-json\/wp\/v2\/pages"}],"about":[{"href":"https:\/\/carina-zacharias.de\/en\/wp-json\/wp\/v2\/types\/page"}],"author":[{"embeddable":true,"href":"https:\/\/carina-zacharias.de\/en\/wp-json\/wp\/v2\/users\/1"}],"replies":[{"embeddable":true,"href":"https:\/\/carina-zacharias.de\/en\/wp-json\/wp\/v2\/comments?post=1388"}],"version-history":[{"count":14,"href":"https:\/\/carina-zacharias.de\/en\/wp-json\/wp\/v2\/pages\/1388\/revisions"}],"predecessor-version":[{"id":2347,"href":"https:\/\/carina-zacharias.de\/en\/wp-json\/wp\/v2\/pages\/1388\/revisions\/2347"}],"wp:attachment":[{"href":"https:\/\/carina-zacharias.de\/en\/wp-json\/wp\/v2\/media?parent=1388"}],"curies":[{"name":"wp","href":"https:\/\/api.w.org\/{rel}","templated":true}]}}