{"id":1562,"date":"2024-02-26T11:30:33","date_gmt":"2024-02-26T10:30:33","guid":{"rendered":"https:\/\/carina-zacharias.de\/?page_id=1562"},"modified":"2025-06-30T13:39:36","modified_gmt":"2025-06-30T11:39:36","slug":"beyond-the-game","status":"publish","type":"page","link":"https:\/\/carina-zacharias.de\/en\/beyond-the-game\/","title":{"rendered":"Beyond the Game"},"content":{"rendered":"<div class=\"wp-block-columns is-layout-flex wp-container-core-columns-is-layout-28f84493 wp-block-columns-is-layout-flex\">\n<div class=\"wp-block-column is-layout-flow wp-block-column-is-layout-flow\" style=\"flex-basis:50%\">\n<figure class=\"wp-block-image size-full is-resized\"><a href=\"https:\/\/bastei-luebbe.de\/Buecher\/Young-Adult\/Beyond-the-Game\/9783751755085\" target=\"_blank\" rel=\"noreferrer noopener\"><img loading=\"lazy\" decoding=\"async\" width=\"1610\" height=\"2560\" src=\"https:\/\/carina-zacharias.de\/wp-content\/uploads\/2025\/06\/Zacharias_Beyond_new_01-1-scaled.jpg\" alt=\"\" class=\"wp-image-2333\" style=\"width:322px;height:512px\" srcset=\"https:\/\/carina-zacharias.de\/wp-content\/uploads\/2025\/06\/Zacharias_Beyond_new_01-1-scaled.jpg 1610w, https:\/\/carina-zacharias.de\/wp-content\/uploads\/2025\/06\/Zacharias_Beyond_new_01-1-189x300.jpg 189w\" sizes=\"auto, (max-width: 1610px) 100vw, 1610px\" \/><\/a><\/figure>\n<\/div>\n\n\n\n<div class=\"wp-block-column is-layout-flow wp-block-column-is-layout-flow\" style=\"flex-basis:50%\">\n<p><strong>Eine romantische YA-Dystopie \u00fcber k\u00fcnstliche Intelligenz, gro\u00dfes Herzklopfen und Gaming &#8211; ein echter Pageturner<\/strong><\/p>\n\n\n\n<p>Die 17-j\u00e4hrige Nora liebt Videospiele und kann mit Computern besser umgehen als mit Menschen. Gerade kann sie sich auf eine ganz besondere Ver\u00f6ffentlichung freuen: Ihr Bruder Ben entwickelt mit seiner Firma das gehypte Virtual Reality Spiel \u00bbAnimus\u00ab. Doch das Projekt ist streng geheim und Ben will nicht, dass Details an die \u00d6ffentlichkeit gelangen. Nicht mal seine Schwester weiht er ein. Und auch Mattes, der als Student in Bens Firma jobbt, verr\u00e4t ihr nichts.<\/p>\n\n\n\n<p><br>Als Nora die Nase voll von der Geheimniskr\u00e4merei hat, l\u00e4dt sie sich heimlich die Dateien von Bens Server herunter. Und \u00bbAnimus\u00ab \u00fcbertrifft ihre k\u00fchnsten Erwartungen! Die im Spiel eingesetzte k\u00fcnstliche Intelligenz macht das Spielerlebnis f\u00fcr jeden einzigartig. Nora verliert sich komplett in der Welt von \u00bbAnimus\u00ab, die ihr bald genauso wirklich erscheint wie die Realit\u00e4t \u2026<\/p>\n\n\n\n<p><br>Doch als Mattes sich bei ihr meldet, bekommt sie es mit der Angst zu tun. Ahnt er etwa, dass sie das Spiel illegal runtergeladen hat? Zum Abschalten ist es l\u00e4ngst zu sp\u00e4t: Das Spiel ist schon lange kein Spiel mehr.<\/p>\n<\/div>\n<\/div>\n\n\n\n<h2 class=\"wp-block-heading\">Videos zu &#8222;Beyond the Game&#8220; von YouTube:<\/h2>\n\n\n\n<figure class=\"wp-block-embed is-type-video is-provider-youtube wp-block-embed-youtube wp-embed-aspect-16-9 wp-has-aspect-ratio\"><div class=\"wp-block-embed__wrapper\">\n<iframe loading=\"lazy\" title=\"Autorinnen bewerten gegenseitig ihre B\u00fccher\" width=\"500\" height=\"281\" src=\"https:\/\/www.youtube.com\/embed\/-ns9Y5irvnw?feature=oembed\" frameborder=\"0\" allow=\"accelerometer; autoplay; clipboard-write; encrypted-media; gyroscope; picture-in-picture; web-share\" referrerpolicy=\"strict-origin-when-cross-origin\" allowfullscreen><\/iframe>\n<\/div><\/figure>\n\n\n\n<figure class=\"wp-block-embed is-type-video is-provider-youtube wp-block-embed-youtube wp-embed-aspect-16-9 wp-has-aspect-ratio\"><div class=\"wp-block-embed__wrapper\">\n<iframe loading=\"lazy\" title=\"Buchparty \u2606 Carina Zacharias zu Gast mit &quot;Beyond the Game&quot; \u2606 16. April 2024\" width=\"500\" height=\"281\" src=\"https:\/\/www.youtube.com\/embed\/87xTFAt3z2o?feature=oembed\" frameborder=\"0\" allow=\"accelerometer; autoplay; clipboard-write; encrypted-media; gyroscope; picture-in-picture; web-share\" referrerpolicy=\"strict-origin-when-cross-origin\" allowfullscreen><\/iframe>\n<\/div><\/figure>\n\n\n\n<figure class=\"wp-block-embed is-type-video is-provider-youtube wp-block-embed-youtube wp-embed-aspect-16-9 wp-has-aspect-ratio\"><div class=\"wp-block-embed__wrapper\">\n<iframe loading=\"lazy\" title=\"Cover &amp; Titel-Reveal von &quot;Beyond the Game&quot; \ud83e\udd29\ud83c\udfae\" width=\"500\" height=\"281\" src=\"https:\/\/www.youtube.com\/embed\/-sDnFsslrBU?feature=oembed\" frameborder=\"0\" allow=\"accelerometer; autoplay; clipboard-write; encrypted-media; gyroscope; picture-in-picture; web-share\" referrerpolicy=\"strict-origin-when-cross-origin\" allowfullscreen><\/iframe>\n<\/div><\/figure>\n\n\n\n<figure class=\"wp-block-embed is-type-video is-provider-youtube wp-block-embed-youtube wp-embed-aspect-16-9 wp-has-aspect-ratio\"><div class=\"wp-block-embed__wrapper\">\n<iframe loading=\"lazy\" title=\"Mein neuer Roman entsteht | Autorinnen-Vlog \ud83d\udcd6\" width=\"500\" height=\"281\" src=\"https:\/\/www.youtube.com\/embed\/ag25ISKBWvA?feature=oembed\" frameborder=\"0\" allow=\"accelerometer; autoplay; clipboard-write; encrypted-media; gyroscope; picture-in-picture; web-share\" referrerpolicy=\"strict-origin-when-cross-origin\" allowfullscreen><\/iframe>\n<\/div><\/figure>","protected":false},"excerpt":{"rendered":"<p>Eine romantische YA-Dystopie \u00fcber k\u00fcnstliche Intelligenz, gro\u00dfes Herzklopfen und Gaming &#8211; ein echter Pageturner Die 17-j\u00e4hrige Nora liebt Videospiele und kann mit Computern besser umgehen als mit Menschen. Gerade kann [&hellip;]<\/p>\n","protected":false},"author":1,"featured_media":0,"parent":0,"menu_order":0,"comment_status":"closed","ping_status":"closed","template":"","meta":{"_uag_custom_page_level_css":"","site-sidebar-layout":"default","site-content-layout":"","ast-site-content-layout":"default","site-content-style":"default","site-sidebar-style":"default","ast-global-header-display":"","ast-banner-title-visibility":"","ast-main-header-display":"","ast-hfb-above-header-display":"","ast-hfb-below-header-display":"","ast-hfb-mobile-header-display":"","site-post-title":"","ast-breadcrumbs-content":"","ast-featured-img":"","footer-sml-layout":"","ast-disable-related-posts":"","theme-transparent-header-meta":"","adv-header-id-meta":"","stick-header-meta":"","header-above-stick-meta":"","header-main-stick-meta":"","header-below-stick-meta":"","astra-migrate-meta-layouts":"set","ast-page-background-enabled":"default","ast-page-background-meta":{"desktop":{"background-color":"","background-image":"","background-repeat":"repeat","background-position":"center center","background-size":"auto","background-attachment":"scroll","background-type":"","background-media":"","overlay-type":"","overlay-color":"","overlay-opacity":"","overlay-gradient":""},"tablet":{"background-color":"","background-image":"","background-repeat":"repeat","background-position":"center center","background-size":"auto","background-attachment":"scroll","background-type":"","background-media":"","overlay-type":"","overlay-color":"","overlay-opacity":"","overlay-gradient":""},"mobile":{"background-color":"","background-image":"","background-repeat":"repeat","background-position":"center center","background-size":"auto","background-attachment":"scroll","background-type":"","background-media":"","overlay-type":"","overlay-color":"","overlay-opacity":"","overlay-gradient":""}},"ast-content-background-meta":{"desktop":{"background-color":"var(--ast-global-color-5)","background-image":"","background-repeat":"repeat","background-position":"center center","background-size":"auto","background-attachment":"scroll","background-type":"","background-media":"","overlay-type":"","overlay-color":"","overlay-opacity":"","overlay-gradient":""},"tablet":{"background-color":"var(--ast-global-color-5)","background-image":"","background-repeat":"repeat","background-position":"center center","background-size":"auto","background-attachment":"scroll","background-type":"","background-media":"","overlay-type":"","overlay-color":"","overlay-opacity":"","overlay-gradient":""},"mobile":{"background-color":"var(--ast-global-color-5)","background-image":"","background-repeat":"repeat","background-position":"center center","background-size":"auto","background-attachment":"scroll","background-type":"","background-media":"","overlay-type":"","overlay-color":"","overlay-opacity":"","overlay-gradient":""}},"footnotes":""},"class_list":["post-1562","page","type-page","status-publish","hentry"],"uagb_featured_image_src":{"full":false,"thumbnail":false,"medium":false,"medium_large":false,"large":false,"1536x1536":false,"2048x2048":false,"trp-custom-language-flag":false},"uagb_author_info":{"display_name":"Admin","author_link":"https:\/\/carina-zacharias.de\/en\/author\/admin4373\/"},"uagb_comment_info":0,"uagb_excerpt":"Eine romantische YA-Dystopie \u00fcber k\u00fcnstliche Intelligenz, gro\u00dfes Herzklopfen und Gaming &#8211; ein echter Pageturner Die 17-j\u00e4hrige Nora liebt Videospiele und kann mit Computern besser umgehen als mit Menschen. Gerade kann [&hellip;]","_links":{"self":[{"href":"https:\/\/carina-zacharias.de\/en\/wp-json\/wp\/v2\/pages\/1562","targetHints":{"allow":["GET"]}}],"collection":[{"href":"https:\/\/carina-zacharias.de\/en\/wp-json\/wp\/v2\/pages"}],"about":[{"href":"https:\/\/carina-zacharias.de\/en\/wp-json\/wp\/v2\/types\/page"}],"author":[{"embeddable":true,"href":"https:\/\/carina-zacharias.de\/en\/wp-json\/wp\/v2\/users\/1"}],"replies":[{"embeddable":true,"href":"https:\/\/carina-zacharias.de\/en\/wp-json\/wp\/v2\/comments?post=1562"}],"version-history":[{"count":7,"href":"https:\/\/carina-zacharias.de\/en\/wp-json\/wp\/v2\/pages\/1562\/revisions"}],"predecessor-version":[{"id":2338,"href":"https:\/\/carina-zacharias.de\/en\/wp-json\/wp\/v2\/pages\/1562\/revisions\/2338"}],"wp:attachment":[{"href":"https:\/\/carina-zacharias.de\/en\/wp-json\/wp\/v2\/media?parent=1562"}],"curies":[{"name":"wp","href":"https:\/\/api.w.org\/{rel}","templated":true}]}}