{"id":16,"date":"2017-06-08T10:01:26","date_gmt":"2017-06-08T08:01:26","guid":{"rendered":"http:\/\/carina-zacharias.de\/?page_id=16"},"modified":"2025-06-23T20:21:19","modified_gmt":"2025-06-23T18:21:19","slug":"kontakt","status":"publish","type":"page","link":"https:\/\/carina-zacharias.de\/en\/kontakt\/","title":{"rendered":"Contact"},"content":{"rendered":"<p>Schreibt mir gerne an die untenstehende E-Mail Adresse. \ud83d\ude42<\/p>\n\n\n\n<p>Mit einer Einschr\u00e4nkung: Bitte sendet mir keine Angebote f\u00fcr Rezensionsexemplare, denn meine Leseliste ist leider bereits viel zu voll. Ich bitte um euer Verst\u00e4ndnis und w\u00fcnsche euch mit eurem Buchprojekt ganz viel Erfolg! &lt;3<\/p>\n\n\n\n<figure class=\"wp-block-image aligncenter is-resized\"><img loading=\"lazy\" decoding=\"async\" width=\"1024\" height=\"683\" src=\"https:\/\/carina-zacharias.de\/wp-content\/uploads\/2017\/06\/IMG_0290-1024x683.jpg\" alt=\"\" class=\"wp-image-429\" style=\"width:646px;height:auto\" srcset=\"https:\/\/carina-zacharias.de\/wp-content\/uploads\/2017\/06\/IMG_0290-1024x683.jpg 1024w, https:\/\/carina-zacharias.de\/wp-content\/uploads\/2017\/06\/IMG_0290-300x200.jpg 300w, https:\/\/carina-zacharias.de\/wp-content\/uploads\/2017\/06\/IMG_0290-768x512.jpg 768w, https:\/\/carina-zacharias.de\/wp-content\/uploads\/2017\/06\/IMG_0290-750x500.jpg 750w\" sizes=\"auto, (max-width: 1024px) 100vw, 1024px\" \/><\/figure>\n\n\n\n<p><\/p>","protected":false},"excerpt":{"rendered":"<p>Schreibt mir gerne an die untenstehende E-Mail Adresse. \ud83d\ude42 Mit einer Einschr\u00e4nkung: Bitte sendet mir keine Angebote f\u00fcr Rezensionsexemplare, denn meine Leseliste ist leider bereits viel zu voll. Ich bitte [&hellip;]<\/p>\n","protected":false},"author":1,"featured_media":0,"parent":0,"menu_order":0,"comment_status":"closed","ping_status":"closed","template":"","meta":{"_uag_custom_page_level_css":"","site-sidebar-layout":"default","site-content-layout":"","ast-site-content-layout":"default","site-content-style":"default","site-sidebar-style":"default","ast-global-header-display":"","ast-banner-title-visibility":"","ast-main-header-display":"","ast-hfb-above-header-display":"","ast-hfb-below-header-display":"","ast-hfb-mobile-header-display":"","site-post-title":"disabled","ast-breadcrumbs-content":"","ast-featured-img":"","footer-sml-layout":"","ast-disable-related-posts":"","theme-transparent-header-meta":"","adv-header-id-meta":"","stick-header-meta":"","header-above-stick-meta":"","header-main-stick-meta":"","header-below-stick-meta":"","astra-migrate-meta-layouts":"set","ast-page-background-enabled":"default","ast-page-background-meta":{"desktop":{"background-color":"","background-image":"","background-repeat":"repeat","background-position":"center center","background-size":"auto","background-attachment":"scroll","background-type":"","background-media":"","overlay-type":"","overlay-color":"","overlay-opacity":"","overlay-gradient":""},"tablet":{"background-color":"","background-image":"","background-repeat":"repeat","background-position":"center center","background-size":"auto","background-attachment":"scroll","background-type":"","background-media":"","overlay-type":"","overlay-color":"","overlay-opacity":"","overlay-gradient":""},"mobile":{"background-color":"","background-image":"","background-repeat":"repeat","background-position":"center center","background-size":"auto","background-attachment":"scroll","background-type":"","background-media":"","overlay-type":"","overlay-color":"","overlay-opacity":"","overlay-gradient":""}},"ast-content-background-meta":{"desktop":{"background-color":"var(--ast-global-color-5)","background-image":"","background-repeat":"repeat","background-position":"center center","background-size":"auto","background-attachment":"scroll","background-type":"","background-media":"","overlay-type":"","overlay-color":"","overlay-opacity":"","overlay-gradient":""},"tablet":{"background-color":"var(--ast-global-color-5)","background-image":"","background-repeat":"repeat","background-position":"center center","background-size":"auto","background-attachment":"scroll","background-type":"","background-media":"","overlay-type":"","overlay-color":"","overlay-opacity":"","overlay-gradient":""},"mobile":{"background-color":"var(--ast-global-color-5)","background-image":"","background-repeat":"repeat","background-position":"center center","background-size":"auto","background-attachment":"scroll","background-type":"","background-media":"","overlay-type":"","overlay-color":"","overlay-opacity":"","overlay-gradient":""}},"footnotes":""},"class_list":["post-16","page","type-page","status-publish","hentry"],"uagb_featured_image_src":{"full":false,"thumbnail":false,"medium":false,"medium_large":false,"large":false,"1536x1536":false,"2048x2048":false,"trp-custom-language-flag":false},"uagb_author_info":{"display_name":"Admin","author_link":"https:\/\/carina-zacharias.de\/en\/author\/admin4373\/"},"uagb_comment_info":0,"uagb_excerpt":"Schreibt mir gerne an die untenstehende E-Mail Adresse. \ud83d\ude42 Mit einer Einschr\u00e4nkung: Bitte sendet mir keine Angebote f\u00fcr Rezensionsexemplare, denn meine Leseliste ist leider bereits viel zu voll. Ich bitte [&hellip;]","_links":{"self":[{"href":"https:\/\/carina-zacharias.de\/en\/wp-json\/wp\/v2\/pages\/16","targetHints":{"allow":["GET"]}}],"collection":[{"href":"https:\/\/carina-zacharias.de\/en\/wp-json\/wp\/v2\/pages"}],"about":[{"href":"https:\/\/carina-zacharias.de\/en\/wp-json\/wp\/v2\/types\/page"}],"author":[{"embeddable":true,"href":"https:\/\/carina-zacharias.de\/en\/wp-json\/wp\/v2\/users\/1"}],"replies":[{"embeddable":true,"href":"https:\/\/carina-zacharias.de\/en\/wp-json\/wp\/v2\/comments?post=16"}],"version-history":[{"count":33,"href":"https:\/\/carina-zacharias.de\/en\/wp-json\/wp\/v2\/pages\/16\/revisions"}],"predecessor-version":[{"id":2331,"href":"https:\/\/carina-zacharias.de\/en\/wp-json\/wp\/v2\/pages\/16\/revisions\/2331"}],"wp:attachment":[{"href":"https:\/\/carina-zacharias.de\/en\/wp-json\/wp\/v2\/media?parent=16"}],"curies":[{"name":"wp","href":"https:\/\/api.w.org\/{rel}","templated":true}]}}