{"id":2270,"date":"2024-09-16T20:06:04","date_gmt":"2024-09-16T18:06:04","guid":{"rendered":"https:\/\/carina-zacharias.de\/?page_id=2270"},"modified":"2024-09-16T20:06:04","modified_gmt":"2024-09-16T18:06:04","slug":"versfluege","status":"publish","type":"page","link":"https:\/\/carina-zacharias.de\/en\/versfluege\/","title":{"rendered":"Versfl\u00fcge"},"content":{"rendered":"<div class=\"wp-block-uagb-advanced-heading uagb-block-30078570\"><h3 class=\"uagb-heading-text\">Lyrikanthologie f\u00fcr Hartwig Mauritz<\/h3><\/div>\n\n\n\n<div class=\"wp-block-columns is-layout-flex wp-container-core-columns-is-layout-28f84493 wp-block-columns-is-layout-flex\">\n<div class=\"wp-block-column is-layout-flow wp-block-column-is-layout-flow\">\n<figure class=\"wp-block-image size-full\"><img loading=\"lazy\" decoding=\"async\" width=\"420\" height=\"694\" src=\"https:\/\/carina-zacharias.de\/wp-content\/uploads\/2024\/09\/versfluege.jpg\" alt=\"\" class=\"wp-image-2240\" srcset=\"https:\/\/carina-zacharias.de\/wp-content\/uploads\/2024\/09\/versfluege.jpg 420w, https:\/\/carina-zacharias.de\/wp-content\/uploads\/2024\/09\/versfluege-182x300.jpg 182w\" sizes=\"auto, (max-width: 420px) 100vw, 420px\" \/><\/figure>\n<\/div>\n\n\n\n<div class=\"wp-block-column is-layout-flow wp-block-column-is-layout-flow\">\n<p>Eine Lyrikanthologie aus Anlass des 60. Geburtstages des Lyrikers Hartwig Mauritz mit Texten von zahlreichen mit dem Jubilar befreundeten Autorinnen und Autoren aus dem ganzen Land.<\/p>\n\n\n\n<p>Mit Beitr\u00e4gen von:<\/p>\n\n\n\n<p>Andreas Rumler, Anita Seo, Anton G. Leitner, Armin Steigenberger, Axel Kutsch, Bernd Hoppenstock, Birgit Bodden, Britta Tiemann, Carina Zacharias, Christel Steigenberger, Christoph Danne, Christoph Leisten, Christoph Wenzel, Dieter Hans, Din\u00e7er G\u00fc\u00e7yeter, Eva Bo\u00dfmann, Florian Vo\u00df, Fouad EL-Auwad, Frank Schablewski, Frauke Buchholz, Friedel Weise-Ney, Gerrit Wustmann, Hans-Josef Frickenstein, Hartwig Mauritz, Horst Jahns, Joachim Stier, J\u00fcrgen Egyptien, J\u00fcrgen Nendza, Karin Fellner, Kl\u00e1ra Hurkov\u00e1, Klaus J\u00e4kel, Marcus Jensen, Marita Tank, Martin Ebner, Martin Furtkamp, Martina Weber, Monika K\u00fchn-G\u00f6rg, Monika Littau, Peter J. Heuser, Ralf Wolf, Regine M\u00f6nkemeier, Renate Fuchs, Richard Pietra\u00df, R\u00fcdiger Goeres, Sabine Schiffner, Silke Andrea Schuemmer, Stan Lafleur, Stefan Heuer, Thorsten Orlikowsky, Ulrike Draesner, Willi Achten<\/p>\n<\/div>\n<\/div>\n\n\n\n<p><\/p>","protected":false},"excerpt":{"rendered":"<p>Lyrikanthologie f\u00fcr Hartwig Mauritz Eine Lyrikanthologie aus Anlass des 60. Geburtstages des Lyrikers Hartwig Mauritz mit Texten von zahlreichen mit dem Jubilar befreundeten Autorinnen und Autoren aus dem ganzen Land. [&hellip;]<\/p>\n","protected":false},"author":1,"featured_media":0,"parent":0,"menu_order":0,"comment_status":"closed","ping_status":"closed","template":"","meta":{"_uag_custom_page_level_css":"","site-sidebar-layout":"default","site-content-layout":"","ast-site-content-layout":"default","site-content-style":"default","site-sidebar-style":"default","ast-global-header-display":"","ast-banner-title-visibility":"","ast-main-header-display":"","ast-hfb-above-header-display":"","ast-hfb-below-header-display":"","ast-hfb-mobile-header-display":"","site-post-title":"","ast-breadcrumbs-content":"","ast-featured-img":"","footer-sml-layout":"","ast-disable-related-posts":"","theme-transparent-header-meta":"","adv-header-id-meta":"","stick-header-meta":"","header-above-stick-meta":"","header-main-stick-meta":"","header-below-stick-meta":"","astra-migrate-meta-layouts":"set","ast-page-background-enabled":"default","ast-page-background-meta":{"desktop":{"background-color":"","background-image":"","background-repeat":"repeat","background-position":"center center","background-size":"auto","background-attachment":"scroll","background-type":"","background-media":"","overlay-type":"","overlay-color":"","overlay-opacity":"","overlay-gradient":""},"tablet":{"background-color":"","background-image":"","background-repeat":"repeat","background-position":"center center","background-size":"auto","background-attachment":"scroll","background-type":"","background-media":"","overlay-type":"","overlay-color":"","overlay-opacity":"","overlay-gradient":""},"mobile":{"background-color":"","background-image":"","background-repeat":"repeat","background-position":"center center","background-size":"auto","background-attachment":"scroll","background-type":"","background-media":"","overlay-type":"","overlay-color":"","overlay-opacity":"","overlay-gradient":""}},"ast-content-background-meta":{"desktop":{"background-color":"var(--ast-global-color-5)","background-image":"","background-repeat":"repeat","background-position":"center center","background-size":"auto","background-attachment":"scroll","background-type":"","background-media":"","overlay-type":"","overlay-color":"","overlay-opacity":"","overlay-gradient":""},"tablet":{"background-color":"var(--ast-global-color-5)","background-image":"","background-repeat":"repeat","background-position":"center center","background-size":"auto","background-attachment":"scroll","background-type":"","background-media":"","overlay-type":"","overlay-color":"","overlay-opacity":"","overlay-gradient":""},"mobile":{"background-color":"var(--ast-global-color-5)","background-image":"","background-repeat":"repeat","background-position":"center center","background-size":"auto","background-attachment":"scroll","background-type":"","background-media":"","overlay-type":"","overlay-color":"","overlay-opacity":"","overlay-gradient":""}},"footnotes":""},"class_list":["post-2270","page","type-page","status-publish","hentry"],"uagb_featured_image_src":{"full":false,"thumbnail":false,"medium":false,"medium_large":false,"large":false,"1536x1536":false,"2048x2048":false,"trp-custom-language-flag":false},"uagb_author_info":{"display_name":"Admin","author_link":"https:\/\/carina-zacharias.de\/en\/author\/admin4373\/"},"uagb_comment_info":0,"uagb_excerpt":"Lyrikanthologie f\u00fcr Hartwig Mauritz Eine Lyrikanthologie aus Anlass des 60. Geburtstages des Lyrikers Hartwig Mauritz mit Texten von zahlreichen mit dem Jubilar befreundeten Autorinnen und Autoren aus dem ganzen Land. [&hellip;]","_links":{"self":[{"href":"https:\/\/carina-zacharias.de\/en\/wp-json\/wp\/v2\/pages\/2270","targetHints":{"allow":["GET"]}}],"collection":[{"href":"https:\/\/carina-zacharias.de\/en\/wp-json\/wp\/v2\/pages"}],"about":[{"href":"https:\/\/carina-zacharias.de\/en\/wp-json\/wp\/v2\/types\/page"}],"author":[{"embeddable":true,"href":"https:\/\/carina-zacharias.de\/en\/wp-json\/wp\/v2\/users\/1"}],"replies":[{"embeddable":true,"href":"https:\/\/carina-zacharias.de\/en\/wp-json\/wp\/v2\/comments?post=2270"}],"version-history":[{"count":3,"href":"https:\/\/carina-zacharias.de\/en\/wp-json\/wp\/v2\/pages\/2270\/revisions"}],"predecessor-version":[{"id":2273,"href":"https:\/\/carina-zacharias.de\/en\/wp-json\/wp\/v2\/pages\/2270\/revisions\/2273"}],"wp:attachment":[{"href":"https:\/\/carina-zacharias.de\/en\/wp-json\/wp\/v2\/media?parent=2270"}],"curies":[{"name":"wp","href":"https:\/\/api.w.org\/{rel}","templated":true}]}}