{"id":2389,"date":"2025-12-07T18:07:42","date_gmt":"2025-12-07T17:07:42","guid":{"rendered":"https:\/\/carina-zacharias.de\/?page_id=2389"},"modified":"2025-12-07T18:09:34","modified_gmt":"2025-12-07T17:09:34","slug":"buchnerds","status":"publish","type":"page","link":"https:\/\/carina-zacharias.de\/en\/buchnerds\/","title":{"rendered":"Buchnerds"},"content":{"rendered":"<p>&#8222;Buchnerds&#8220; ist ein Podcast, in dem ich Interviews und Gespr\u00e4che mit Menschen aus der Buchbranche f\u00fchre: Von Buchnerds f\u00fcr Buchnerds. Die erste Folge erschien im September 2025, der Upload-Schedule ist unregelm\u00e4\u00dfig, aber ich habe viele weitere spannende Folgen in Planung.<\/p>\n\n\n\n<p>Ihr findet den Podcast auf allen \u00fcblichen Plattformen, z.B. auf <a href=\"https:\/\/open.spotify.com\/show\/1MAg9bzEvFoIgWvwmsyO8h?si=afc22a33b38d4809\" target=\"_blank\" rel=\"noreferrer noopener\">Spotify <\/a>and <a href=\"https:\/\/podcasts.apple.com\/de\/podcast\/buchnerds\/id1837866328\" target=\"_blank\" rel=\"noreferrer noopener\">Apple Podcast<\/a>, aber auch auf <a href=\"https:\/\/youtube.com\/@buchnerds?si=eAnLMm4RQQ06m02d\" data-type=\"link\" data-id=\"https:\/\/youtube.com\/@carinazacharias?si=wyv6dHvtZ7rfta74\" target=\"_blank\" rel=\"noreferrer noopener\">YouTube <\/a>und anderswo.<\/p>\n\n\n\n<figure class=\"wp-block-embed is-type-video is-provider-youtube wp-block-embed-youtube wp-embed-aspect-4-3 wp-has-aspect-ratio\"><div class=\"wp-block-embed__wrapper\">\n<iframe loading=\"lazy\" title=\"Trailer\" width=\"500\" height=\"375\" src=\"https:\/\/www.youtube.com\/embed\/PI8SJ8s2mPE?feature=oembed\" frameborder=\"0\" allow=\"accelerometer; autoplay; clipboard-write; encrypted-media; gyroscope; picture-in-picture; web-share\" referrerpolicy=\"strict-origin-when-cross-origin\" allowfullscreen><\/iframe>\n<\/div><\/figure>","protected":false},"excerpt":{"rendered":"<p>&#8222;Buchnerds&#8220; ist ein Podcast, in dem ich Interviews und Gespr\u00e4che mit Menschen aus der Buchbranche f\u00fchre: Von Buchnerds f\u00fcr Buchnerds. Die erste Folge erschien im September 2025, der Upload-Schedule ist [&hellip;]<\/p>\n","protected":false},"author":1,"featured_media":0,"parent":0,"menu_order":0,"comment_status":"closed","ping_status":"closed","template":"","meta":{"_uag_custom_page_level_css":"","site-sidebar-layout":"default","site-content-layout":"","ast-site-content-layout":"default","site-content-style":"default","site-sidebar-style":"default","ast-global-header-display":"","ast-banner-title-visibility":"","ast-main-header-display":"","ast-hfb-above-header-display":"","ast-hfb-below-header-display":"","ast-hfb-mobile-header-display":"","site-post-title":"","ast-breadcrumbs-content":"","ast-featured-img":"","footer-sml-layout":"","ast-disable-related-posts":"","theme-transparent-header-meta":"","adv-header-id-meta":"","stick-header-meta":"","header-above-stick-meta":"","header-main-stick-meta":"","header-below-stick-meta":"","astra-migrate-meta-layouts":"set","ast-page-background-enabled":"default","ast-page-background-meta":{"desktop":{"background-color":"","background-image":"","background-repeat":"repeat","background-position":"center center","background-size":"auto","background-attachment":"scroll","background-type":"","background-media":"","overlay-type":"","overlay-color":"","overlay-opacity":"","overlay-gradient":""},"tablet":{"background-color":"","background-image":"","background-repeat":"repeat","background-position":"center center","background-size":"auto","background-attachment":"scroll","background-type":"","background-media":"","overlay-type":"","overlay-color":"","overlay-opacity":"","overlay-gradient":""},"mobile":{"background-color":"","background-image":"","background-repeat":"repeat","background-position":"center center","background-size":"auto","background-attachment":"scroll","background-type":"","background-media":"","overlay-type":"","overlay-color":"","overlay-opacity":"","overlay-gradient":""}},"ast-content-background-meta":{"desktop":{"background-color":"var(--ast-global-color-5)","background-image":"","background-repeat":"repeat","background-position":"center center","background-size":"auto","background-attachment":"scroll","background-type":"","background-media":"","overlay-type":"","overlay-color":"","overlay-opacity":"","overlay-gradient":""},"tablet":{"background-color":"var(--ast-global-color-5)","background-image":"","background-repeat":"repeat","background-position":"center center","background-size":"auto","background-attachment":"scroll","background-type":"","background-media":"","overlay-type":"","overlay-color":"","overlay-opacity":"","overlay-gradient":""},"mobile":{"background-color":"var(--ast-global-color-5)","background-image":"","background-repeat":"repeat","background-position":"center center","background-size":"auto","background-attachment":"scroll","background-type":"","background-media":"","overlay-type":"","overlay-color":"","overlay-opacity":"","overlay-gradient":""}},"footnotes":""},"class_list":["post-2389","page","type-page","status-publish","hentry"],"uagb_featured_image_src":{"full":false,"thumbnail":false,"medium":false,"medium_large":false,"large":false,"1536x1536":false,"2048x2048":false,"trp-custom-language-flag":false},"uagb_author_info":{"display_name":"Admin","author_link":"https:\/\/carina-zacharias.de\/en\/author\/admin4373\/"},"uagb_comment_info":0,"uagb_excerpt":"&#8222;Buchnerds&#8220; ist ein Podcast, in dem ich Interviews und Gespr\u00e4che mit Menschen aus der Buchbranche f\u00fchre: Von Buchnerds f\u00fcr Buchnerds. Die erste Folge erschien im September 2025, der Upload-Schedule ist [&hellip;]","_links":{"self":[{"href":"https:\/\/carina-zacharias.de\/en\/wp-json\/wp\/v2\/pages\/2389","targetHints":{"allow":["GET"]}}],"collection":[{"href":"https:\/\/carina-zacharias.de\/en\/wp-json\/wp\/v2\/pages"}],"about":[{"href":"https:\/\/carina-zacharias.de\/en\/wp-json\/wp\/v2\/types\/page"}],"author":[{"embeddable":true,"href":"https:\/\/carina-zacharias.de\/en\/wp-json\/wp\/v2\/users\/1"}],"replies":[{"embeddable":true,"href":"https:\/\/carina-zacharias.de\/en\/wp-json\/wp\/v2\/comments?post=2389"}],"version-history":[{"count":2,"href":"https:\/\/carina-zacharias.de\/en\/wp-json\/wp\/v2\/pages\/2389\/revisions"}],"predecessor-version":[{"id":2392,"href":"https:\/\/carina-zacharias.de\/en\/wp-json\/wp\/v2\/pages\/2389\/revisions\/2392"}],"wp:attachment":[{"href":"https:\/\/carina-zacharias.de\/en\/wp-json\/wp\/v2\/media?parent=2389"}],"curies":[{"name":"wp","href":"https:\/\/api.w.org\/{rel}","templated":true}]}}